{"id":11077,"date":"2022-07-25T15:06:51","date_gmt":"2022-07-25T12:06:51","guid":{"rendered":"https:\/\/ayvazogluhomes.com\/?page_id=11077"},"modified":"2022-07-25T15:07:54","modified_gmt":"2022-07-25T12:07:54","slug":"opening-account-in-a-turkish-bank","status":"publish","type":"page","link":"https:\/\/v1.ayvazogluhomes.com\/de\/opening-account-in-a-turkish-bank\/","title":{"rendered":"Kontoer\u00f6ffnung bei einer t\u00fcrkischen bank"},"content":{"rendered":"<div data-elementor-type=\"wp-page\" data-elementor-id=\"11077\" class=\"elementor elementor-11077\">\n\t\t\t\t\t\t\t\t\t<section class=\"elementor-section elementor-top-section elementor-element elementor-element-810daa2 elementor-section-stretched elementor-section-boxed elementor-section-height-default elementor-section-height-default\" data-id=\"810daa2\" data-element_type=\"section\" data-settings=\"{&quot;stretch_section&quot;:&quot;section-stretched&quot;}\">\n\t\t\t\t\t\t<div class=\"elementor-container elementor-column-gap-extended\">\n\t\t\t\t\t<div class=\"elementor-column elementor-col-100 elementor-top-column elementor-element elementor-element-f966ff4\" data-id=\"f966ff4\" data-element_type=\"column\">\n\t\t\t<div class=\"elementor-widget-wrap elementor-element-populated\">\n\t\t\t\t\t\t\t\t<div class=\"elementor-element elementor-element-f495276 elementor-widget elementor-widget-heading\" data-id=\"f495276\" data-element_type=\"widget\" data-widget_type=\"heading.default\">\n\t\t\t\t<div class=\"elementor-widget-container\">\n\t\t\t<style>\/*! elementor - v3.6.1 - 23-03-2022 *\/\n.elementor-heading-title{padding:0;margin:0;line-height:1}.elementor-widget-heading .elementor-heading-title[class*=elementor-size-]>a{color:inherit;font-size:inherit;line-height:inherit}.elementor-widget-heading .elementor-heading-title.elementor-size-small{font-size:15px}.elementor-widget-heading .elementor-heading-title.elementor-size-medium{font-size:19px}.elementor-widget-heading .elementor-heading-title.elementor-size-large{font-size:29px}.elementor-widget-heading .elementor-heading-title.elementor-size-xl{font-size:39px}.elementor-widget-heading .elementor-heading-title.elementor-size-xxl{font-size:59px}<\/style><h2 class=\"elementor-heading-title elementor-size-small\">VORVERKAUFSDIENST<\/h2>\t\t<\/div>\n\t\t\t\t<\/div>\n\t\t\t\t<div class=\"elementor-element elementor-element-2334436 elementor-widget elementor-widget-accordion\" data-id=\"2334436\" data-element_type=\"widget\" data-widget_type=\"accordion.default\">\n\t\t\t\t<div class=\"elementor-widget-container\">\n\t\t\t<style>\/*! elementor - v3.6.1 - 23-03-2022 *\/\n.elementor-accordion{text-align:left}.elementor-accordion .elementor-accordion-item{border:1px solid #d4d4d4}.elementor-accordion .elementor-accordion-item+.elementor-accordion-item{border-top:none}.elementor-accordion .elementor-tab-title{margin:0;padding:15px 20px;font-weight:700;line-height:1;cursor:pointer;outline:none}.elementor-accordion .elementor-tab-title .elementor-accordion-icon{display:inline-block;width:1.5em}.elementor-accordion .elementor-tab-title .elementor-accordion-icon svg{width:1em;height:1em}.elementor-accordion .elementor-tab-title .elementor-accordion-icon.elementor-accordion-icon-right{float:right;text-align:right}.elementor-accordion .elementor-tab-title .elementor-accordion-icon.elementor-accordion-icon-left{float:left;text-align:left}.elementor-accordion .elementor-tab-title .elementor-accordion-icon .elementor-accordion-icon-closed{display:block}.elementor-accordion .elementor-tab-title .elementor-accordion-icon .elementor-accordion-icon-opened,.elementor-accordion .elementor-tab-title.elementor-active .elementor-accordion-icon-closed{display:none}.elementor-accordion .elementor-tab-title.elementor-active .elementor-accordion-icon-opened{display:block}.elementor-accordion .elementor-tab-content{display:none;padding:15px 20px;border-top:1px solid #d4d4d4}@media (max-width:767px){.elementor-accordion .elementor-tab-title{padding:12px 15px}.elementor-accordion .elementor-tab-title .elementor-accordion-icon{width:1.2em}.elementor-accordion .elementor-tab-content{padding:7px 15px}}<\/style>\t\t<div class=\"elementor-accordion\" role=\"tablist\">\n\t\t\t\t\t\t\t<div class=\"elementor-accordion-item\">\n\t\t\t\t\t<div id=\"elementor-tab-title-3691\" class=\"elementor-tab-title\" data-tab=\"1\" role=\"tab\" aria-controls=\"elementor-tab-content-3691\" aria-expanded=\"false\">\n\t\t\t\t\t\t\t\t\t\t\t\t\t<span class=\"elementor-accordion-icon elementor-accordion-icon-left\" aria-hidden=\"true\">\n\t\t\t\t\t\t\t\t\t\t\t\t\t\t\t<span class=\"elementor-accordion-icon-closed\"><i class=\"fas fa-plus\"><\/i><\/span>\n\t\t\t\t\t\t\t\t<span class=\"elementor-accordion-icon-opened\"><i class=\"fas fa-minus\"><\/i><\/span>\n\t\t\t\t\t\t\t\t\t\t\t\t\t\t<\/span>\n\t\t\t\t\t\t\t\t\t\t\t\t<a class=\"elementor-accordion-title\" href=\"\">Kontoer\u00f6ffnung bei einer t\u00fcrkischen bank<\/a>\n\t\t\t\t\t<\/div>\n\t\t\t\t\t<div id=\"elementor-tab-content-3691\" class=\"elementor-tab-content elementor-clearfix\" data-tab=\"1\" role=\"tabpanel\" aria-labelledby=\"elementor-tab-title-3691\"><p class=\"p1\">Bevor Sie mit der Bearbeitung von Dokumenten f\u00fcr Immobilien beginnen, m\u00fcssen Sie ein Konto bei einer t\u00fcrkischen Bank er\u00f6ffnen.<\/p><p class=\"p1\">Um ein t\u00fcrkisches Bankkonto zu er\u00f6ffnen, ben\u00f6tigen Sie folgende Dokumente:<\/p><p class=\"p1\">internationaler Pass;<\/p><p class=\"p1\">TIN, die beim Finanzamt erh\u00e4ltlich ist<\/p><p class=\"p1\">Nachdem Sie alle erforderlichen Dokumente ausgef\u00fcllt haben, stellt Ihnen der Bankangestellte eine Rechnung aus, und die physische Karte ist innerhalb von 7-10 Tagen fertig und Sie werden dar\u00fcber benachrichtigt.<\/p><p class=\"p1\">Warum brauche ich ein t\u00fcrkisches Bankkonto?<\/p><p class=\"p1\">\u00dcberweisung von Geldern f\u00fcr den Kauf von Immobilien;<\/p><p class=\"p1\">Stromrechnungen bezahlen;<\/p><p class=\"p1\">j\u00e4hrliche Steuern zahlen;<\/p><p class=\"p1\">die staatliche Abgabe f\u00fcr die Erlangung \/ Verl\u00e4ngerung einer Aufenthaltserlaubnis bezahlen;<\/p><p class=\"p1\">Miete f\u00fcr die Anmietung von Wohnungen erhalten;<\/p><p class=\"p1\">Eink\u00e4ufe im Internet t\u00e4tigen;<\/p><p class=\"p1\">Das Vorhandensein einer mit der Einzahlung verbundenen Plastikkarte befreit Sie von der Notwendigkeit, Gelder zu Hause aufzubewahren.<\/p><p class=\"p1\">Die Mitarbeiter unseres Unternehmens helfen Ihnen bei der Auswahl einer t\u00fcrkischen Bank und bereiten alle notwendigen Unterlagen f\u00fcr die Kontoer\u00f6ffnung vor.<\/p><\/div>\n\t\t\t\t<\/div>\n\t\t\t\t\t\t\t\t<\/div>\n\t\t\t\t<\/div>\n\t\t\t\t<\/div>\n\t\t\t\t\t<\/div>\n\t\t<\/div>\n\t\t\t\t\t\t\t<\/div>\n\t\t<\/section>\n\t\t\t\t<section class=\"elementor-section elementor-top-section elementor-element elementor-element-0cd370a elementor-section-stretched elementor-section-boxed elementor-section-height-default elementor-section-height-default\" data-id=\"0cd370a\" data-element_type=\"section\" data-settings=\"{&quot;stretch_section&quot;:&quot;section-stretched&quot;}\">\n\t\t\t\t\t\t<div class=\"elementor-container elementor-column-gap-extended\">\n\t\t\t\t\t<div class=\"elementor-column elementor-col-100 elementor-top-column elementor-element elementor-element-7d59634\" data-id=\"7d59634\" data-element_type=\"column\">\n\t\t\t<div class=\"elementor-widget-wrap\">\n\t\t\t\t\t\t\t\t\t<\/div>\n\t\t<\/div>\n\t\t\t\t\t\t\t<\/div>\n\t\t<\/section>\n\t\t\t\t<section class=\"elementor-section elementor-top-section elementor-element elementor-element-76f2bfe elementor-section-stretched elementor-section-boxed elementor-section-height-default elementor-section-height-default\" data-id=\"76f2bfe\" data-element_type=\"section\" data-settings=\"{&quot;stretch_section&quot;:&quot;section-stretched&quot;}\">\n\t\t\t\t\t\t<div class=\"elementor-container elementor-column-gap-extended\">\n\t\t\t\t\t<div class=\"elementor-column elementor-col-100 elementor-top-column elementor-element elementor-element-101e902\" data-id=\"101e902\" data-element_type=\"column\">\n\t\t\t<div class=\"elementor-widget-wrap\">\n\t\t\t\t\t\t\t\t\t<\/div>\n\t\t<\/div>\n\t\t\t\t\t\t\t<\/div>\n\t\t<\/section>\n\t\t\t\t\t\t\t<\/div>","protected":false},"excerpt":{"rendered":"<p>VORVERKAUFSDIENST Kontoer\u00f6ffnung bei einer t\u00fcrkischen bank Bevor Sie mit der Bearbeitung von Dokumenten f\u00fcr Immobilien beginnen, m\u00fcssen Sie ein Konto bei einer t\u00fcrkischen Bank er\u00f6ffnen. Um ein t\u00fcrkisches Bankkonto zu er\u00f6ffnen, ben\u00f6tigen Sie folgende Dokumente: internationaler Pass; TIN, die beim Finanzamt erh\u00e4ltlich ist Nachdem Sie alle erforderlichen Dokumente ausgef\u00fcllt haben, stellt Ihnen der Bankangestellte eine [&hellip;]<\/p>","protected":false},"author":1,"featured_media":0,"parent":0,"menu_order":0,"comment_status":"closed","ping_status":"closed","template":"","meta":{"footnotes":""},"class_list":["post-11077","page","type-page","status-publish","hentry"],"_links":{"self":[{"href":"https:\/\/v1.ayvazogluhomes.com\/de\/wp-json\/wp\/v2\/pages\/11077","targetHints":{"allow":["GET"]}}],"collection":[{"href":"https:\/\/v1.ayvazogluhomes.com\/de\/wp-json\/wp\/v2\/pages"}],"about":[{"href":"https:\/\/v1.ayvazogluhomes.com\/de\/wp-json\/wp\/v2\/types\/page"}],"author":[{"embeddable":true,"href":"https:\/\/v1.ayvazogluhomes.com\/de\/wp-json\/wp\/v2\/users\/1"}],"replies":[{"embeddable":true,"href":"https:\/\/v1.ayvazogluhomes.com\/de\/wp-json\/wp\/v2\/comments?post=11077"}],"version-history":[{"count":0,"href":"https:\/\/v1.ayvazogluhomes.com\/de\/wp-json\/wp\/v2\/pages\/11077\/revisions"}],"wp:attachment":[{"href":"https:\/\/v1.ayvazogluhomes.com\/de\/wp-json\/wp\/v2\/media?parent=11077"}],"curies":[{"name":"wp","href":"https:\/\/api.w.org\/{rel}","templated":true}]}}