{"id":11376,"date":"2022-07-27T10:55:17","date_gmt":"2022-07-27T07:55:17","guid":{"rendered":"https:\/\/ayvazogluhomes.com\/?page_id=11376"},"modified":"2022-07-27T11:01:55","modified_gmt":"2022-07-27T08:01:55","slug":"after-sales-service","status":"publish","type":"page","link":"https:\/\/v1.ayvazogluhomes.com\/de\/after-sales-service\/","title":{"rendered":"KUNDENDIENST"},"content":{"rendered":"<div data-elementor-type=\"wp-page\" data-elementor-id=\"11376\" class=\"elementor elementor-11376\">\n\t\t\t\t\t\t\t\t\t<section class=\"elementor-section elementor-top-section elementor-element elementor-element-810daa2 elementor-section-stretched elementor-section-boxed elementor-section-height-default elementor-section-height-default\" data-id=\"810daa2\" data-element_type=\"section\" data-settings=\"{&quot;stretch_section&quot;:&quot;section-stretched&quot;}\">\n\t\t\t\t\t\t<div class=\"elementor-container elementor-column-gap-extended\">\n\t\t\t\t\t<div class=\"elementor-column elementor-col-100 elementor-top-column elementor-element elementor-element-f966ff4\" data-id=\"f966ff4\" data-element_type=\"column\">\n\t\t\t<div class=\"elementor-widget-wrap elementor-element-populated\">\n\t\t\t\t\t\t\t\t<div class=\"elementor-element elementor-element-6ffbf26 elementor-widget elementor-widget-text-editor\" data-id=\"6ffbf26\" data-element_type=\"widget\" data-widget_type=\"text-editor.default\">\n\t\t\t\t<div class=\"elementor-widget-container\">\n\t\t\t<style>\/*! elementor - v3.6.1 - 23-03-2022 *\/\n.elementor-widget-text-editor.elementor-drop-cap-view-stacked .elementor-drop-cap{background-color:#818a91;color:#fff}.elementor-widget-text-editor.elementor-drop-cap-view-framed .elementor-drop-cap{color:#818a91;border:3px solid;background-color:transparent}.elementor-widget-text-editor:not(.elementor-drop-cap-view-default) .elementor-drop-cap{margin-top:8px}.elementor-widget-text-editor:not(.elementor-drop-cap-view-default) .elementor-drop-cap-letter{width:1em;height:1em}.elementor-widget-text-editor .elementor-drop-cap{float:left;text-align:center;line-height:1;font-size:50px}.elementor-widget-text-editor .elementor-drop-cap-letter{display:inline-block}<\/style>\t\t\t\t<p class=\"p1\">In letzter Zeit werden wir zunehmend mit der Frage von Kunden konfrontiert, wie man eine Wohnung in Alanya kauft und nicht alle paar Monate auszieht.<\/p><p class=\"p1\">Berechtigt eine Wohnung in Alanya oder der T\u00fcrkei automatisch zu einer Aufenthaltserlaubnis? Nachfolgend finden Sie eine Zusammenfassung der Aufenthaltserlaubnis (Aufenthaltserlaubnis).<\/p><p class=\"p1\">Ausl\u00e4nder, die l\u00e4nger als erlaubt in der T\u00fcrkei bleiben m\u00f6chten, m\u00fcssen beim Migrationsdienst eine Aufenthaltserlaubnis beantragen.<\/p><p class=\"p1\">Der Migrationsdienst stellt eine &#8220;Aufenthaltserlaubnis f\u00fcr Ausl\u00e4nder&#8221; aus, um sich legal in der T\u00fcrkei aufzuhalten.<\/p><p class=\"p1\">Eine Aufenthaltserlaubnis ist ein Dokument, das es Ihnen erlaubt, 1 bis 2 Jahre lang legal in der T\u00fcrkei zu leben, ohne die T\u00fcrkei zu verlassen. Ikamet kann f\u00fcr ein oder zwei Jahre ausgestellt werden &#8211; es h\u00e4ngt von Ihnen ab. Dann kann es beliebig oft verl\u00e4ngert werden. Mit einer solchen Aufenthaltserlaubnis im Land zu arbeiten ist nicht m\u00f6glich, sie ist illegal und droht mit Abschiebung (Sie k\u00f6nnen aber separat eine Arbeitserlaubnis bekommen). Das Dokument ist eine Plastikkarte &#8211; es hei\u00dft ikamet (ikamet).<\/p><p class=\"p1\">Ausl\u00e4nder mit g\u00fcltigem Aufenthaltstitel k\u00f6nnen w\u00e4hrend der G\u00fcltigkeitsdauer des Aufenthaltstitels ohne Einschr\u00e4nkungen mit einem g\u00fcltigen Dokument ein- und ausreisen.<\/p><p class=\"p1\">Der Besitz von Immobilien in der T\u00fcrkei erleichtert den Erhalt einer Aufenthaltserlaubnis, berechtigt jedoch nicht automatisch dazu. Mit anderen Worten, wenn Sie eine Wohnung in Alanya (oder einem anderen Teil der T\u00fcrkei) haben, ist es f\u00fcr Sie einfacher, eine Aufenthaltserlaubnis zu erhalten, als nur eine Immobilie zu mieten. F\u00fcr Immobilieneigent\u00fcmer in der T\u00fcrkei wird eine Aufenthaltserlaubnis f\u00fcr den l\u00e4ngerfristigen Aufenthalt (mindestens 1 Jahr) ausgestellt.<\/p><p class=\"p1\">Arten von Aufenthaltsgenehmigungen in der T\u00fcrkei:<\/p><p class=\"p1\">Kurzfristig f\u00fcr 6-12 Monate (f\u00fcr Immobilieneigent\u00fcmer, Touristen, die zur Behandlung anreisen, Forscher); Familie (ausgestellt f\u00fcr nicht mehr als zwei Jahre); Student (f\u00fcr die Studienzeit); F\u00fcr Fl\u00fcchtlinge; Dauerhaft (auf unbestimmte Zeit ausgestellt f\u00fcr Personen, die seit mehr als acht Jahren in der T\u00fcrkei leben);<\/p><p class=\"p1\">Folgende Unterlagen werden ben\u00f6tigt, um eine befristete Aufenthaltserlaubnis zu erhalten:<\/p><p class=\"p1\">Ein ausgef\u00fclltes und ausgedrucktes Antragsformular auf der Website des Migrationsdienstes; Krankenversicherung (ausgestellt f\u00fcr 1 oder 2 Jahre, h\u00e4ngt davon ab, wie lange Sie ikamet beantragen m\u00f6chten); 4 Fotos; Tapu und seine Kopie (f\u00fcr Eigent\u00fcmer); Individuelle Steuernummer und ihre Kopie (ausgestellt beim Finanzamt von Alanya in 15-20 Minuten); Reisepass und Kopie der ersten Seite; Bonit\u00e4tsbest\u00e4tigung; notariell beglaubigter Mietvertrag (bei Mietwohnungen); Zahlungseingang der staatlichen Abgabe (bezahlt beim Finanzamt); Ein bestehendes ikamet und seine Kopie (wenn Sie eine Verl\u00e4ngerung beantragen);<\/p><p class=\"p1\">*In Einzelf\u00e4llen ist ein zus\u00e4tzliches Dokumentenpaket erforderlich.<\/p><p class=\"p1\">Wichtig!<\/p><p class=\"p1\">Wenn die Laufzeit Ihres Ikamet abgelaufen ist, hat der Antragsteller das Recht, bis zum Datum des Interviews beim Migrationsdienst im Land zu bleiben. Es ist jedoch verboten, au\u00dferhalb der T\u00fcrkei zu reisen, bevor Dokumente eingereicht wurden. Nach Einreichung der Dokumente f\u00fcr Ikamet (Aufenthaltserlaubnis) beim Migrationsdienst hat der Antragsteller das Recht, die T\u00fcrkei f\u00fcr bis zu 15 Tage zu verlassen, gleichzeitig aber im Voraus ein Genehmigungsdokument von einem Beamten des Migrationsdienstes zu erhalten.<\/p><p class=\"p1\">Nach erfolgreicher Einreichung der Unterlagen beim Migrationsdienst wird Ihnen Ihr ikamet per Post an die angegebene st\u00e4ndige Wohnadresse zugestellt. In der Regel dauert es 1 bis 3 Monate.<\/p><p class=\"p1\">Weitere Informationen zum Erhalt einer Aufenthaltserlaubnis (Ikamet) in der T\u00fcrkei erhalten Sie auf unserer Website von den Spezialisten von Ayvazoglu Homes.<\/p>\t\t\t\t\t\t<\/div>\n\t\t\t\t<\/div>\n\t\t\t\t\t<\/div>\n\t\t<\/div>\n\t\t\t\t\t\t\t<\/div>\n\t\t<\/section>\n\t\t\t\t<section class=\"elementor-section elementor-top-section elementor-element elementor-element-0cd370a elementor-section-stretched elementor-section-boxed elementor-section-height-default elementor-section-height-default\" data-id=\"0cd370a\" data-element_type=\"section\" data-settings=\"{&quot;stretch_section&quot;:&quot;section-stretched&quot;}\">\n\t\t\t\t\t\t<div class=\"elementor-container elementor-column-gap-extended\">\n\t\t\t\t\t<div class=\"elementor-column elementor-col-100 elementor-top-column elementor-element elementor-element-7d59634\" data-id=\"7d59634\" data-element_type=\"column\">\n\t\t\t<div class=\"elementor-widget-wrap\">\n\t\t\t\t\t\t\t\t\t<\/div>\n\t\t<\/div>\n\t\t\t\t\t\t\t<\/div>\n\t\t<\/section>\n\t\t\t\t<section class=\"elementor-section elementor-top-section elementor-element elementor-element-76f2bfe elementor-section-stretched elementor-section-boxed elementor-section-height-default elementor-section-height-default\" data-id=\"76f2bfe\" data-element_type=\"section\" data-settings=\"{&quot;stretch_section&quot;:&quot;section-stretched&quot;}\">\n\t\t\t\t\t\t<div class=\"elementor-container elementor-column-gap-extended\">\n\t\t\t\t\t<div class=\"elementor-column elementor-col-100 elementor-top-column elementor-element elementor-element-101e902\" data-id=\"101e902\" data-element_type=\"column\">\n\t\t\t<div class=\"elementor-widget-wrap\">\n\t\t\t\t\t\t\t\t\t<\/div>\n\t\t<\/div>\n\t\t\t\t\t\t\t<\/div>\n\t\t<\/section>\n\t\t\t\t\t\t\t<\/div>","protected":false},"excerpt":{"rendered":"<p>In letzter Zeit werden wir zunehmend mit der Frage von Kunden konfrontiert, wie man eine Wohnung in Alanya kauft und nicht alle paar Monate auszieht. Berechtigt eine Wohnung in Alanya oder der T\u00fcrkei automatisch zu einer Aufenthaltserlaubnis? Nachfolgend finden Sie eine Zusammenfassung der Aufenthaltserlaubnis (Aufenthaltserlaubnis). Ausl\u00e4nder, die l\u00e4nger als erlaubt in der T\u00fcrkei bleiben m\u00f6chten, [&hellip;]<\/p>","protected":false},"author":1,"featured_media":0,"parent":0,"menu_order":0,"comment_status":"closed","ping_status":"closed","template":"","meta":{"footnotes":""},"class_list":["post-11376","page","type-page","status-publish","hentry"],"_links":{"self":[{"href":"https:\/\/v1.ayvazogluhomes.com\/de\/wp-json\/wp\/v2\/pages\/11376","targetHints":{"allow":["GET"]}}],"collection":[{"href":"https:\/\/v1.ayvazogluhomes.com\/de\/wp-json\/wp\/v2\/pages"}],"about":[{"href":"https:\/\/v1.ayvazogluhomes.com\/de\/wp-json\/wp\/v2\/types\/page"}],"author":[{"embeddable":true,"href":"https:\/\/v1.ayvazogluhomes.com\/de\/wp-json\/wp\/v2\/users\/1"}],"replies":[{"embeddable":true,"href":"https:\/\/v1.ayvazogluhomes.com\/de\/wp-json\/wp\/v2\/comments?post=11376"}],"version-history":[{"count":0,"href":"https:\/\/v1.ayvazogluhomes.com\/de\/wp-json\/wp\/v2\/pages\/11376\/revisions"}],"wp:attachment":[{"href":"https:\/\/v1.ayvazogluhomes.com\/de\/wp-json\/wp\/v2\/media?parent=11376"}],"curies":[{"name":"wp","href":"https:\/\/api.w.org\/{rel}","templated":true}]}}