{"id":7262,"date":"2022-06-23T17:51:37","date_gmt":"2022-06-23T14:51:37","guid":{"rendered":"https:\/\/new.ayvazogluhomes.com\/?page_id=7262"},"modified":"2024-02-16T00:36:05","modified_gmt":"2024-02-15T21:36:05","slug":"about-us","status":"publish","type":"page","link":"https:\/\/v1.ayvazogluhomes.com\/de\/about-us3\/about-us\/","title":{"rendered":"\u00dcber uns"},"content":{"rendered":"<div data-elementor-type=\"wp-page\" data-elementor-id=\"7262\" class=\"elementor elementor-7262\">\n\t\t\t\t\t\t\t\t\t<section class=\"elementor-section elementor-top-section elementor-element elementor-element-810daa2 elementor-section-stretched elementor-section-boxed elementor-section-height-default elementor-section-height-default\" data-id=\"810daa2\" data-element_type=\"section\" data-settings=\"{&quot;stretch_section&quot;:&quot;section-stretched&quot;}\">\n\t\t\t\t\t\t<div class=\"elementor-container elementor-column-gap-extended\">\n\t\t\t\t\t<div class=\"elementor-column elementor-col-50 elementor-top-column elementor-element elementor-element-f966ff4\" data-id=\"f966ff4\" data-element_type=\"column\">\n\t\t\t<div class=\"elementor-widget-wrap elementor-element-populated\">\n\t\t\t\t\t\t\t\t<div class=\"elementor-element elementor-element-2f958cf elementor-widget elementor-widget-image\" data-id=\"2f958cf\" data-element_type=\"widget\" data-widget_type=\"image.default\">\n\t\t\t\t<div class=\"elementor-widget-container\">\n\t\t\t<style>\/*! elementor - v3.6.1 - 23-03-2022 *\/\n.elementor-widget-image{text-align:center}.elementor-widget-image a{display:inline-block}.elementor-widget-image a img[src$=\".svg\"]{width:48px}.elementor-widget-image img{vertical-align:middle;display:inline-block}<\/style>\t\t\t\t\t\t\t\t\t\t\t\t<img decoding=\"async\" src=\"https:\/\/new.ayvazogluhomes.com\/wp-content\/uploads\/2022\/06\/ayvazogluceo.jpg\" title=\"\" alt=\"\" \/>\t\t\t\t\t\t\t\t\t\t\t\t\t\t\t<\/div>\n\t\t\t\t<\/div>\n\t\t\t\t\t<\/div>\n\t\t<\/div>\n\t\t\t\t<div class=\"elementor-column elementor-col-50 elementor-top-column elementor-element elementor-element-9bbd9cf\" data-id=\"9bbd9cf\" data-element_type=\"column\">\n\t\t\t<div class=\"elementor-widget-wrap elementor-element-populated\">\n\t\t\t\t\t\t\t\t<div class=\"elementor-element elementor-element-49ad402 elementor-widget elementor-widget-text-editor\" data-id=\"49ad402\" data-element_type=\"widget\" data-widget_type=\"text-editor.default\">\n\t\t\t\t<div class=\"elementor-widget-container\">\n\t\t\t<style>\/*! elementor - v3.6.1 - 23-03-2022 *\/\n.elementor-widget-text-editor.elementor-drop-cap-view-stacked .elementor-drop-cap{background-color:#818a91;color:#fff}.elementor-widget-text-editor.elementor-drop-cap-view-framed .elementor-drop-cap{color:#818a91;border:3px solid;background-color:transparent}.elementor-widget-text-editor:not(.elementor-drop-cap-view-default) .elementor-drop-cap{margin-top:8px}.elementor-widget-text-editor:not(.elementor-drop-cap-view-default) .elementor-drop-cap-letter{width:1em;height:1em}.elementor-widget-text-editor .elementor-drop-cap{float:left;text-align:center;line-height:1;font-size:50px}.elementor-widget-text-editor .elementor-drop-cap-letter{display:inline-block}<\/style>\t\t\t\t<p class=\"p1\">Wir wissen, dass der Kauf einer Immobilie eine der gr\u00f6\u00dften Entscheidungen in Ihrem Leben ist, die Sie jemals treffen werden. Um Sie auf Ihrer Reise zu unterst\u00fctzen, ben\u00f6tigen Sie einen Immobilienmakler mit Marktkenntnissen, Erfahrung und Kundenwerten, bei dem der K\u00e4ufer an erster Stelle steht.<br \/>Hier kommt das professionelle Agententeam von Ayvazoglu Homes zum Einsatz. Wir begleiten K\u00e4ufer von der Auswahl Ihres Traumhauses \u00fcber die Unterzeichnung von Eigentumsurkunden bis hin zur Abrechnung. Mit einer Vielzahl von Referenzen haben wir uns einen guten Ruf f\u00fcr Ehrlichkeit, Professionalit\u00e4t und langfristiges Engagement erarbeitet.<\/p><p class=\"p1\">Ayvazoglu Homes Dienstleistungen:<br \/>\u2022 Wir sprechen T\u00fcrkisch, Englisch, Niederl\u00e4ndisch, Russisch, Deutsch, Franz\u00f6sisch, Arabisch und Persisch.<br \/>\u2022 Wir unterst\u00fctzen Sie beim Kaufprozess, z. B. bei der Er\u00f6ffnung von Bankkonten und beim Abrufen von Steuernummern.<br \/>\u2022 Wir unterst\u00fctzen Sie bei der Erlangung einer Aufenthaltserlaubnis und der Staatsb\u00fcrgerschaft durch Investitionen.<br \/>\u2022 Kundendienst einschlie\u00dflich Wasser- und Stromanschluss, Versicherung und Einrichtung.<\/p><p class=\"p1\">Ayvazoglu Homes garantiert:<br \/>\u2022 Garantierter Erhalt einer Eigentumsurkunde (null Ablehnungen).<br \/>\u2022 Bestpreis. Sie werden diese Immobilie nicht zu einem g\u00fcnstigeren Preis finden.<br \/>\u2022 Wir arbeiten nur mit Entwicklern und Verk\u00e4ufern zusammen, die wir pers\u00f6nlich kennen und denen wir vertrauen.<br \/>\u2022 Erfahrung und Professionalit\u00e4t (qualifiziertes Management und Team seit 2004)<br \/>\u2022 100% Gl\u00fcck f\u00fcr den K\u00e4ufer (vom Moment des Tr\u00e4umens bis zum Erhalt der Eigentumsurkunde).<\/p><p class=\"p1\"><\/p>\t\t\t\t\t\t<\/div>\n\t\t\t\t<\/div>\n\t\t\t\t\t<\/div>\n\t\t<\/div>\n\t\t\t\t\t\t\t<\/div>\n\t\t<\/section>\n\t\t\t\t<section class=\"elementor-section elementor-top-section elementor-element elementor-element-0cd370a elementor-section-stretched elementor-section-boxed elementor-section-height-default elementor-section-height-default\" data-id=\"0cd370a\" data-element_type=\"section\" data-settings=\"{&quot;stretch_section&quot;:&quot;section-stretched&quot;}\">\n\t\t\t\t\t\t<div class=\"elementor-container elementor-column-gap-extended\">\n\t\t\t\t\t<div class=\"elementor-column elementor-col-100 elementor-top-column elementor-element elementor-element-7d59634\" data-id=\"7d59634\" data-element_type=\"column\">\n\t\t\t<div class=\"elementor-widget-wrap\">\n\t\t\t\t\t\t\t\t\t<\/div>\n\t\t<\/div>\n\t\t\t\t\t\t\t<\/div>\n\t\t<\/section>\n\t\t\t\t<section class=\"elementor-section elementor-top-section elementor-element elementor-element-76f2bfe elementor-section-stretched elementor-section-boxed elementor-section-height-default elementor-section-height-default\" data-id=\"76f2bfe\" data-element_type=\"section\" data-settings=\"{&quot;stretch_section&quot;:&quot;section-stretched&quot;}\">\n\t\t\t\t\t\t<div class=\"elementor-container elementor-column-gap-extended\">\n\t\t\t\t\t<div class=\"elementor-column elementor-col-100 elementor-top-column elementor-element elementor-element-101e902\" data-id=\"101e902\" data-element_type=\"column\">\n\t\t\t<div class=\"elementor-widget-wrap\">\n\t\t\t\t\t\t\t\t\t<\/div>\n\t\t<\/div>\n\t\t\t\t\t\t\t<\/div>\n\t\t<\/section>\n\t\t\t\t\t\t\t<\/div>","protected":false},"excerpt":{"rendered":"<p>Wir wissen, dass der Kauf einer Immobilie eine der gr\u00f6\u00dften Entscheidungen in Ihrem Leben ist, die Sie jemals treffen werden. Um Sie auf Ihrer Reise zu unterst\u00fctzen, ben\u00f6tigen Sie einen Immobilienmakler mit Marktkenntnissen, Erfahrung und Kundenwerten, bei dem der K\u00e4ufer an erster Stelle steht.Hier kommt das professionelle Agententeam von Ayvazoglu Homes zum Einsatz. Wir begleiten [&hellip;]<\/p>","protected":false},"author":1,"featured_media":0,"parent":89,"menu_order":0,"comment_status":"closed","ping_status":"closed","template":"","meta":{"footnotes":""},"class_list":["post-7262","page","type-page","status-publish","hentry"],"_links":{"self":[{"href":"https:\/\/v1.ayvazogluhomes.com\/de\/wp-json\/wp\/v2\/pages\/7262","targetHints":{"allow":["GET"]}}],"collection":[{"href":"https:\/\/v1.ayvazogluhomes.com\/de\/wp-json\/wp\/v2\/pages"}],"about":[{"href":"https:\/\/v1.ayvazogluhomes.com\/de\/wp-json\/wp\/v2\/types\/page"}],"author":[{"embeddable":true,"href":"https:\/\/v1.ayvazogluhomes.com\/de\/wp-json\/wp\/v2\/users\/1"}],"replies":[{"embeddable":true,"href":"https:\/\/v1.ayvazogluhomes.com\/de\/wp-json\/wp\/v2\/comments?post=7262"}],"version-history":[{"count":0,"href":"https:\/\/v1.ayvazogluhomes.com\/de\/wp-json\/wp\/v2\/pages\/7262\/revisions"}],"up":[{"embeddable":true,"href":"https:\/\/v1.ayvazogluhomes.com\/de\/wp-json\/wp\/v2\/pages\/89"}],"wp:attachment":[{"href":"https:\/\/v1.ayvazogluhomes.com\/de\/wp-json\/wp\/v2\/media?parent=7262"}],"curies":[{"name":"wp","href":"https:\/\/api.w.org\/{rel}","templated":true}]}}