{"id":11077,"date":"2022-07-25T15:06:51","date_gmt":"2022-07-25T12:06:51","guid":{"rendered":"https:\/\/ayvazogluhomes.com\/?page_id=11077"},"modified":"2022-07-25T15:07:54","modified_gmt":"2022-07-25T12:07:54","slug":"opening-account-in-a-turkish-bank","status":"publish","type":"page","link":"https:\/\/v1.ayvazogluhomes.com\/fr\/opening-account-in-a-turkish-bank\/","title":{"rendered":"Ouverture de compte dans une banque turque"},"content":{"rendered":"<div data-elementor-type=\"wp-page\" data-elementor-id=\"11077\" class=\"elementor elementor-11077\">\n\t\t\t\t\t\t\t\t\t<section class=\"elementor-section elementor-top-section elementor-element elementor-element-810daa2 elementor-section-stretched elementor-section-boxed elementor-section-height-default elementor-section-height-default\" data-id=\"810daa2\" data-element_type=\"section\" data-settings=\"{&quot;stretch_section&quot;:&quot;section-stretched&quot;}\">\n\t\t\t\t\t\t<div class=\"elementor-container elementor-column-gap-extended\">\n\t\t\t\t\t<div class=\"elementor-column elementor-col-100 elementor-top-column elementor-element elementor-element-f966ff4\" data-id=\"f966ff4\" data-element_type=\"column\">\n\t\t\t<div class=\"elementor-widget-wrap elementor-element-populated\">\n\t\t\t\t\t\t\t\t<div class=\"elementor-element elementor-element-f495276 elementor-widget elementor-widget-heading\" data-id=\"f495276\" data-element_type=\"widget\" data-widget_type=\"heading.default\">\n\t\t\t\t<div class=\"elementor-widget-container\">\n\t\t\t<style>\/*! elementor - v3.6.1 - 23-03-2022 *\/\n.elementor-heading-title{padding:0;margin:0;line-height:1}.elementor-widget-heading .elementor-heading-title[class*=elementor-size-]>a{color:inherit;font-size:inherit;line-height:inherit}.elementor-widget-heading .elementor-heading-title.elementor-size-small{font-size:15px}.elementor-widget-heading .elementor-heading-title.elementor-size-medium{font-size:19px}.elementor-widget-heading .elementor-heading-title.elementor-size-large{font-size:29px}.elementor-widget-heading .elementor-heading-title.elementor-size-xl{font-size:39px}.elementor-widget-heading .elementor-heading-title.elementor-size-xxl{font-size:59px}<\/style><h2 class=\"elementor-heading-title elementor-size-small\">SERVICE AVANT-VENTE<\/h2>\t\t<\/div>\n\t\t\t\t<\/div>\n\t\t\t\t<div class=\"elementor-element elementor-element-2334436 elementor-widget elementor-widget-accordion\" data-id=\"2334436\" data-element_type=\"widget\" data-widget_type=\"accordion.default\">\n\t\t\t\t<div class=\"elementor-widget-container\">\n\t\t\t<style>\/*! elementor - v3.6.1 - 23-03-2022 *\/\n.elementor-accordion{text-align:left}.elementor-accordion .elementor-accordion-item{border:1px solid #d4d4d4}.elementor-accordion .elementor-accordion-item+.elementor-accordion-item{border-top:none}.elementor-accordion .elementor-tab-title{margin:0;padding:15px 20px;font-weight:700;line-height:1;cursor:pointer;outline:none}.elementor-accordion .elementor-tab-title .elementor-accordion-icon{display:inline-block;width:1.5em}.elementor-accordion .elementor-tab-title .elementor-accordion-icon svg{width:1em;height:1em}.elementor-accordion .elementor-tab-title .elementor-accordion-icon.elementor-accordion-icon-right{float:right;text-align:right}.elementor-accordion .elementor-tab-title .elementor-accordion-icon.elementor-accordion-icon-left{float:left;text-align:left}.elementor-accordion .elementor-tab-title .elementor-accordion-icon .elementor-accordion-icon-closed{display:block}.elementor-accordion .elementor-tab-title .elementor-accordion-icon .elementor-accordion-icon-opened,.elementor-accordion .elementor-tab-title.elementor-active .elementor-accordion-icon-closed{display:none}.elementor-accordion .elementor-tab-title.elementor-active .elementor-accordion-icon-opened{display:block}.elementor-accordion .elementor-tab-content{display:none;padding:15px 20px;border-top:1px solid #d4d4d4}@media (max-width:767px){.elementor-accordion .elementor-tab-title{padding:12px 15px}.elementor-accordion .elementor-tab-title .elementor-accordion-icon{width:1.2em}.elementor-accordion .elementor-tab-content{padding:7px 15px}}<\/style>\t\t<div class=\"elementor-accordion\" role=\"tablist\">\n\t\t\t\t\t\t\t<div class=\"elementor-accordion-item\">\n\t\t\t\t\t<div id=\"elementor-tab-title-3691\" class=\"elementor-tab-title\" data-tab=\"1\" role=\"tab\" aria-controls=\"elementor-tab-content-3691\" aria-expanded=\"false\">\n\t\t\t\t\t\t\t\t\t\t\t\t\t<span class=\"elementor-accordion-icon elementor-accordion-icon-left\" aria-hidden=\"true\">\n\t\t\t\t\t\t\t\t\t\t\t\t\t\t\t<span class=\"elementor-accordion-icon-closed\"><i class=\"fas fa-plus\"><\/i><\/span>\n\t\t\t\t\t\t\t\t<span class=\"elementor-accordion-icon-opened\"><i class=\"fas fa-minus\"><\/i><\/span>\n\t\t\t\t\t\t\t\t\t\t\t\t\t\t<\/span>\n\t\t\t\t\t\t\t\t\t\t\t\t<a class=\"elementor-accordion-title\" href=\"\">Ouverture de compte dans une banque turque<\/a>\n\t\t\t\t\t<\/div>\n\t\t\t\t\t<div id=\"elementor-tab-content-3691\" class=\"elementor-tab-content elementor-clearfix\" data-tab=\"1\" role=\"tabpanel\" aria-labelledby=\"elementor-tab-title-3691\"><p class=\"p1\">Avant de commencer \u00e0 traiter des documents immobiliers, vous devrez ouvrir un compte dans une banque turque.<\/p><p class=\"p1\">Pour ouvrir un compte bancaire turc, vous aurez besoin des documents suivants :<\/p><p class=\"p1\">passeport international;<\/p><p class=\"p1\">TIN, qui peut \u00eatre obtenu aupr\u00e8s du bureau des imp\u00f4ts<\/p><p class=\"p1\">Apr\u00e8s avoir rempli tous les documents n\u00e9cessaires, l&#8217;employ\u00e9 de la banque vous d\u00e9livrera une facture, et la carte physique sera pr\u00eate dans les 7 \u00e0 10 jours, et vous en serez inform\u00e9.<\/p><p class=\"p1\">Pourquoi ai-je besoin d&#8217;un compte bancaire turc ?<\/p><p class=\"p1\">transf\u00e9rer des fonds pour l&#8217;achat de biens immobiliers;<\/p><p class=\"p1\">payer les factures de services publics\u00a0;<\/p><p class=\"p1\">payer les taxes annuelles\u00a0;<\/p><p class=\"p1\">payer la taxe d&#8217;\u00c9tat pour l&#8217;obtention \/ la prolongation d&#8217;un permis de s\u00e9jour\u00a0;<\/p><p class=\"p1\">recevoir un loyer pour louer un logement\u00a0;<\/p><p class=\"p1\">faire des achats sur Internet;<\/p><p class=\"p1\">la pr\u00e9sence d&#8217;une carte plastique li\u00e9e au d\u00e9p\u00f4t vous \u00e9vitera d&#8217;avoir \u00e0 stocker des fonds chez vous ;<\/p><p class=\"p1\">Les employ\u00e9s de notre soci\u00e9t\u00e9 vous aideront \u00e0 choisir une banque turque et pr\u00e9pareront tous les documents n\u00e9cessaires \u00e0 l&#8217;ouverture d&#8217;un compte.<\/p><\/div>\n\t\t\t\t<\/div>\n\t\t\t\t\t\t\t\t<\/div>\n\t\t\t\t<\/div>\n\t\t\t\t<\/div>\n\t\t\t\t\t<\/div>\n\t\t<\/div>\n\t\t\t\t\t\t\t<\/div>\n\t\t<\/section>\n\t\t\t\t<section class=\"elementor-section elementor-top-section elementor-element elementor-element-0cd370a elementor-section-stretched elementor-section-boxed elementor-section-height-default elementor-section-height-default\" data-id=\"0cd370a\" data-element_type=\"section\" data-settings=\"{&quot;stretch_section&quot;:&quot;section-stretched&quot;}\">\n\t\t\t\t\t\t<div class=\"elementor-container elementor-column-gap-extended\">\n\t\t\t\t\t<div class=\"elementor-column elementor-col-100 elementor-top-column elementor-element elementor-element-7d59634\" data-id=\"7d59634\" data-element_type=\"column\">\n\t\t\t<div class=\"elementor-widget-wrap\">\n\t\t\t\t\t\t\t\t\t<\/div>\n\t\t<\/div>\n\t\t\t\t\t\t\t<\/div>\n\t\t<\/section>\n\t\t\t\t<section class=\"elementor-section elementor-top-section elementor-element elementor-element-76f2bfe elementor-section-stretched elementor-section-boxed elementor-section-height-default elementor-section-height-default\" data-id=\"76f2bfe\" data-element_type=\"section\" data-settings=\"{&quot;stretch_section&quot;:&quot;section-stretched&quot;}\">\n\t\t\t\t\t\t<div class=\"elementor-container elementor-column-gap-extended\">\n\t\t\t\t\t<div class=\"elementor-column elementor-col-100 elementor-top-column elementor-element elementor-element-101e902\" data-id=\"101e902\" data-element_type=\"column\">\n\t\t\t<div class=\"elementor-widget-wrap\">\n\t\t\t\t\t\t\t\t\t<\/div>\n\t\t<\/div>\n\t\t\t\t\t\t\t<\/div>\n\t\t<\/section>\n\t\t\t\t\t\t\t<\/div>","protected":false},"excerpt":{"rendered":"<p>SERVICE AVANT-VENTE Ouverture de compte dans une banque turque Avant de commencer \u00e0 traiter des documents immobiliers, vous devrez ouvrir un compte dans une banque turque. Pour ouvrir un compte bancaire turc, vous aurez besoin des documents suivants : passeport international; TIN, qui peut \u00eatre obtenu aupr\u00e8s du bureau des imp\u00f4ts Apr\u00e8s avoir rempli tous [&hellip;]<\/p>","protected":false},"author":1,"featured_media":0,"parent":0,"menu_order":0,"comment_status":"closed","ping_status":"closed","template":"","meta":{"footnotes":""},"class_list":["post-11077","page","type-page","status-publish","hentry"],"_links":{"self":[{"href":"https:\/\/v1.ayvazogluhomes.com\/fr\/wp-json\/wp\/v2\/pages\/11077","targetHints":{"allow":["GET"]}}],"collection":[{"href":"https:\/\/v1.ayvazogluhomes.com\/fr\/wp-json\/wp\/v2\/pages"}],"about":[{"href":"https:\/\/v1.ayvazogluhomes.com\/fr\/wp-json\/wp\/v2\/types\/page"}],"author":[{"embeddable":true,"href":"https:\/\/v1.ayvazogluhomes.com\/fr\/wp-json\/wp\/v2\/users\/1"}],"replies":[{"embeddable":true,"href":"https:\/\/v1.ayvazogluhomes.com\/fr\/wp-json\/wp\/v2\/comments?post=11077"}],"version-history":[{"count":0,"href":"https:\/\/v1.ayvazogluhomes.com\/fr\/wp-json\/wp\/v2\/pages\/11077\/revisions"}],"wp:attachment":[{"href":"https:\/\/v1.ayvazogluhomes.com\/fr\/wp-json\/wp\/v2\/media?parent=11077"}],"curies":[{"name":"wp","href":"https:\/\/api.w.org\/{rel}","templated":true}]}}