{"id":6930,"date":"2022-06-22T11:51:19","date_gmt":"2022-06-22T08:51:19","guid":{"rendered":"https:\/\/new.ayvazogluhomes.com\/?page_id=6930"},"modified":"2022-07-25T12:43:15","modified_gmt":"2022-07-25T09:43:15","slug":"our-services","status":"publish","type":"page","link":"https:\/\/v1.ayvazogluhomes.com\/fr\/our-services\/","title":{"rendered":"Nos services"},"content":{"rendered":"<div data-elementor-type=\"wp-page\" data-elementor-id=\"6930\" class=\"elementor elementor-6930\">\n\t\t\t\t\t\t\t\t\t<section class=\"elementor-section elementor-top-section elementor-element elementor-element-810daa2 elementor-section-stretched elementor-section-boxed elementor-section-height-default elementor-section-height-default\" data-id=\"810daa2\" data-element_type=\"section\" data-settings=\"{&quot;stretch_section&quot;:&quot;section-stretched&quot;}\">\n\t\t\t\t\t\t<div class=\"elementor-container elementor-column-gap-extended\">\n\t\t\t\t\t<div class=\"elementor-column elementor-col-100 elementor-top-column elementor-element elementor-element-f966ff4\" data-id=\"f966ff4\" data-element_type=\"column\">\n\t\t\t<div class=\"elementor-widget-wrap elementor-element-populated\">\n\t\t\t\t\t\t\t\t<div class=\"elementor-element elementor-element-f495276 elementor-widget elementor-widget-heading\" data-id=\"f495276\" data-element_type=\"widget\" data-widget_type=\"heading.default\">\n\t\t\t\t<div class=\"elementor-widget-container\">\n\t\t\t<style>\/*! elementor - v3.6.1 - 23-03-2022 *\/\n.elementor-heading-title{padding:0;margin:0;line-height:1}.elementor-widget-heading .elementor-heading-title[class*=elementor-size-]>a{color:inherit;font-size:inherit;line-height:inherit}.elementor-widget-heading .elementor-heading-title.elementor-size-small{font-size:15px}.elementor-widget-heading .elementor-heading-title.elementor-size-medium{font-size:19px}.elementor-widget-heading .elementor-heading-title.elementor-size-large{font-size:29px}.elementor-widget-heading .elementor-heading-title.elementor-size-xl{font-size:39px}.elementor-widget-heading .elementor-heading-title.elementor-size-xxl{font-size:59px}<\/style><h2 class=\"elementor-heading-title elementor-size-small\">SERVICE AVANT-VENTE<\/h2>\t\t<\/div>\n\t\t\t\t<\/div>\n\t\t\t\t<div class=\"elementor-element elementor-element-2334436 elementor-widget elementor-widget-accordion\" data-id=\"2334436\" data-element_type=\"widget\" data-widget_type=\"accordion.default\">\n\t\t\t\t<div class=\"elementor-widget-container\">\n\t\t\t<style>\/*! elementor - v3.6.1 - 23-03-2022 *\/\n.elementor-accordion{text-align:left}.elementor-accordion .elementor-accordion-item{border:1px solid #d4d4d4}.elementor-accordion .elementor-accordion-item+.elementor-accordion-item{border-top:none}.elementor-accordion .elementor-tab-title{margin:0;padding:15px 20px;font-weight:700;line-height:1;cursor:pointer;outline:none}.elementor-accordion .elementor-tab-title .elementor-accordion-icon{display:inline-block;width:1.5em}.elementor-accordion .elementor-tab-title .elementor-accordion-icon svg{width:1em;height:1em}.elementor-accordion .elementor-tab-title .elementor-accordion-icon.elementor-accordion-icon-right{float:right;text-align:right}.elementor-accordion .elementor-tab-title .elementor-accordion-icon.elementor-accordion-icon-left{float:left;text-align:left}.elementor-accordion .elementor-tab-title .elementor-accordion-icon .elementor-accordion-icon-closed{display:block}.elementor-accordion .elementor-tab-title .elementor-accordion-icon .elementor-accordion-icon-opened,.elementor-accordion .elementor-tab-title.elementor-active .elementor-accordion-icon-closed{display:none}.elementor-accordion .elementor-tab-title.elementor-active .elementor-accordion-icon-opened{display:block}.elementor-accordion .elementor-tab-content{display:none;padding:15px 20px;border-top:1px solid #d4d4d4}@media (max-width:767px){.elementor-accordion .elementor-tab-title{padding:12px 15px}.elementor-accordion .elementor-tab-title .elementor-accordion-icon{width:1.2em}.elementor-accordion .elementor-tab-content{padding:7px 15px}}<\/style>\t\t<div class=\"elementor-accordion\" role=\"tablist\">\n\t\t\t\t\t\t\t<div class=\"elementor-accordion-item\">\n\t\t\t\t\t<div id=\"elementor-tab-title-3691\" class=\"elementor-tab-title\" data-tab=\"1\" role=\"tab\" aria-controls=\"elementor-tab-content-3691\" aria-expanded=\"false\">\n\t\t\t\t\t\t\t\t\t\t\t\t\t<span class=\"elementor-accordion-icon elementor-accordion-icon-left\" aria-hidden=\"true\">\n\t\t\t\t\t\t\t\t\t\t\t\t\t\t\t<span class=\"elementor-accordion-icon-closed\"><i class=\"fas fa-plus\"><\/i><\/span>\n\t\t\t\t\t\t\t\t<span class=\"elementor-accordion-icon-opened\"><i class=\"fas fa-minus\"><\/i><\/span>\n\t\t\t\t\t\t\t\t\t\t\t\t\t\t<\/span>\n\t\t\t\t\t\t\t\t\t\t\t\t<a class=\"elementor-accordion-title\" href=\"\">S\u00e9lection de biens immobiliers selon vos param\u00e8tres<\/a>\n\t\t\t\t\t<\/div>\n\t\t\t\t\t<div id=\"elementor-tab-content-3691\" class=\"elementor-tab-content elementor-clearfix\" data-tab=\"1\" role=\"tabpanel\" aria-labelledby=\"elementor-tab-title-3691\"><div class=\"podbor\">\n<p class=\"p1\">Apr\u00e8s avoir d\u00e9cid\u00e9 d&#8217;acheter un bien immobilier sur la c\u00f4te m\u00e9diterran\u00e9enne dans la station baln\u00e9aire d&#8217;Alanya, vous serez in\u00e9vitablement confront\u00e9 \u00e0 la question d&#8217;un partenaire fiable qui vous aidera \u00e0 comprendre toutes les subtilit\u00e9s du march\u00e9 immobilier turc et vous aidera \u00e0 faire le bon choix. Notre agence Ayvazoglu Homes est pr\u00eate \u00e0 vous donner un coup de main et ne vous y trompez pas. Notre agence a de nombreuses ann\u00e9es d&#8217;exp\u00e9rience, des contacts \u00e9tablis et une r\u00e9putation digne.<\/p>\n<p class=\"p1\">Aujourd&#8217;hui, acheter une propri\u00e9t\u00e9 en Turquie est un investissement rentable et fiable. Poss\u00e9der un bien immobilier vous donne le droit d&#8217;obtenir un permis de s\u00e9jour pour tous les membres de la famille et, dans certains cas, de demander la citoyennet\u00e9.<\/p>\n<p class=\"p1\">La proc\u00e9dure de s\u00e9lection d&#8217;un bien immobilier est simple &#8211; vous envoyez une demande \u00e0 nos gestionnaires sous la forme qui vous convient, indiquez les param\u00e8tres souhait\u00e9s de votre future maison et nous ferons une s\u00e9lection sp\u00e9cialement pour vous. Si vous n&#8217;\u00eates pas \u00e0 Alanya, nous serons heureux d&#8217;organiser une visite en ligne de la propri\u00e9t\u00e9 que vous aimez. Vous pouvez \u00e9galement effectuer un achat en ligne, il s&#8217;agit d&#8217;une proc\u00e9dure simple, apr\u00e8s quoi vous deviendrez l&#8217;heureux propri\u00e9taire d&#8217;un morceau de Turquie ensoleill\u00e9e.<\/p>\n\n<\/div><\/div>\n\t\t\t\t<\/div>\n\t\t\t\t\t\t\t<div class=\"elementor-accordion-item\">\n\t\t\t\t\t<div id=\"elementor-tab-title-3692\" class=\"elementor-tab-title\" data-tab=\"2\" role=\"tab\" aria-controls=\"elementor-tab-content-3692\" aria-expanded=\"false\">\n\t\t\t\t\t\t\t\t\t\t\t\t\t<span class=\"elementor-accordion-icon elementor-accordion-icon-left\" aria-hidden=\"true\">\n\t\t\t\t\t\t\t\t\t\t\t\t\t\t\t<span class=\"elementor-accordion-icon-closed\"><i class=\"fas fa-plus\"><\/i><\/span>\n\t\t\t\t\t\t\t\t<span class=\"elementor-accordion-icon-opened\"><i class=\"fas fa-minus\"><\/i><\/span>\n\t\t\t\t\t\t\t\t\t\t\t\t\t\t<\/span>\n\t\t\t\t\t\t\t\t\t\t\t\t<a class=\"elementor-accordion-title\" href=\"\">Organisation d'un voyage d'\u00e9tude<\/a>\n\t\t\t\t\t<\/div>\n\t\t\t\t\t<div id=\"elementor-tab-content-3692\" class=\"elementor-tab-content elementor-clearfix\" data-tab=\"2\" role=\"tabpanel\" aria-labelledby=\"elementor-tab-title-3692\"><p class=\"p1\">Les services de notre agence Ayvazoglu Homes comprennent l&#8217;organisation d&#8217;un voyage d&#8217;\u00e9tude. Le programme de la visite comprend une rencontre \u00e0 l&#8217;a\u00e9roport, un transfert confortable \u00e0 Alanya, l&#8217;h\u00e9bergement dans des appartements, une visite de la ville, un aper\u00e7u des objets immobiliers pr\u00e9s\u00e9lectionn\u00e9s en fonction de vos param\u00e8tres.<\/p>\n<p class=\"p1\">Une visite d&#8217;introduction est un excellent moyen de mieux conna\u00eetre Alanya, de conna\u00eetre sa culture et sa riche histoire, et aussi de se sentir comme un r\u00e9sident de la ville.<\/p>\n<p class=\"p1\">Comment utiliser le service de visite d&#8217;introduction\u00a0:<\/p>\n<p class=\"p1\">vous nous laissez une demande de la mani\u00e8re qui vous convient,<\/p>\n<p class=\"p1\">les responsables de notre entreprise vous contactent pour discuter de nuances suppl\u00e9mentaires et clarifier la date de votre arriv\u00e9e\u00a0;<\/p>\n<p class=\"p1\">Lors de la planification de l&#8217;achat d&#8217;un bien immobilier en Turquie, cette visite vous aidera \u00e0 faire le choix le plus correct et le plus r\u00e9fl\u00e9chi de l&#8217;immobilier en bord de mer !<\/p><\/div>\n\t\t\t\t<\/div>\n\t\t\t\t\t\t\t<div class=\"elementor-accordion-item\">\n\t\t\t\t\t<div id=\"elementor-tab-title-3693\" class=\"elementor-tab-title\" data-tab=\"3\" role=\"tab\" aria-controls=\"elementor-tab-content-3693\" aria-expanded=\"false\">\n\t\t\t\t\t\t\t\t\t\t\t\t\t<span class=\"elementor-accordion-icon elementor-accordion-icon-left\" aria-hidden=\"true\">\n\t\t\t\t\t\t\t\t\t\t\t\t\t\t\t<span class=\"elementor-accordion-icon-closed\"><i class=\"fas fa-plus\"><\/i><\/span>\n\t\t\t\t\t\t\t\t<span class=\"elementor-accordion-icon-opened\"><i class=\"fas fa-minus\"><\/i><\/span>\n\t\t\t\t\t\t\t\t\t\t\t\t\t\t<\/span>\n\t\t\t\t\t\t\t\t\t\t\t\t<a class=\"elementor-accordion-title\" href=\"\">Ouverture de compte dans une banque turque<\/a>\n\t\t\t\t\t<\/div>\n\t\t\t\t\t<div id=\"elementor-tab-content-3693\" class=\"elementor-tab-content elementor-clearfix\" data-tab=\"3\" role=\"tabpanel\" aria-labelledby=\"elementor-tab-title-3693\"><p class=\"p1\">Avant de commencer \u00e0 traiter des documents immobiliers, vous devrez ouvrir un compte dans une banque turque.<\/p><p class=\"p1\">Pour ouvrir un compte bancaire turc, vous aurez besoin des documents suivants :<\/p><p class=\"p1\">passeport international;<\/p><p class=\"p1\">TIN, qui peut \u00eatre obtenu aupr\u00e8s du bureau des imp\u00f4ts<\/p><p class=\"p1\">Apr\u00e8s avoir rempli tous les documents n\u00e9cessaires, l&#8217;employ\u00e9 de la banque vous d\u00e9livrera une facture, et la carte physique sera pr\u00eate dans les 7 \u00e0 10 jours, et vous en serez inform\u00e9.<\/p><p class=\"p1\">Pourquoi ai-je besoin d&#8217;un compte bancaire turc ?<\/p><p class=\"p1\">transf\u00e9rer des fonds pour l&#8217;achat de biens immobiliers;<\/p><p class=\"p1\">payer les factures de services publics\u00a0;<\/p><p class=\"p1\">payer les taxes annuelles\u00a0;<\/p><p class=\"p1\">payer la taxe d&#8217;\u00c9tat pour l&#8217;obtention \/ la prolongation d&#8217;un permis de s\u00e9jour\u00a0;<\/p><p class=\"p1\">recevoir un loyer pour louer un logement\u00a0;<\/p><p class=\"p1\">faire des achats sur Internet;<\/p><p class=\"p1\">la pr\u00e9sence d&#8217;une carte plastique li\u00e9e au d\u00e9p\u00f4t vous \u00e9vitera d&#8217;avoir \u00e0 stocker des fonds chez vous ;<\/p><p class=\"p1\">Les employ\u00e9s de notre soci\u00e9t\u00e9 vous aideront \u00e0 choisir une banque turque et pr\u00e9pareront tous les documents n\u00e9cessaires \u00e0 l&#8217;ouverture d&#8217;un compte.<\/p><\/div>\n\t\t\t\t<\/div>\n\t\t\t\t\t\t\t<div class=\"elementor-accordion-item\">\n\t\t\t\t\t<div id=\"elementor-tab-title-3694\" class=\"elementor-tab-title\" data-tab=\"4\" role=\"tab\" aria-controls=\"elementor-tab-content-3694\" aria-expanded=\"false\">\n\t\t\t\t\t\t\t\t\t\t\t\t\t<span class=\"elementor-accordion-icon elementor-accordion-icon-left\" aria-hidden=\"true\">\n\t\t\t\t\t\t\t\t\t\t\t\t\t\t\t<span class=\"elementor-accordion-icon-closed\"><i class=\"fas fa-plus\"><\/i><\/span>\n\t\t\t\t\t\t\t\t<span class=\"elementor-accordion-icon-opened\"><i class=\"fas fa-minus\"><\/i><\/span>\n\t\t\t\t\t\t\t\t\t\t\t\t\t\t<\/span>\n\t\t\t\t\t\t\t\t\t\t\t\t<a class=\"elementor-accordion-title\" href=\"\">Obtention d'un num\u00e9ro fiscal<\/a>\n\t\t\t\t\t<\/div>\n\t\t\t\t\t<div id=\"elementor-tab-content-3694\" class=\"elementor-tab-content elementor-clearfix\" data-tab=\"4\" role=\"tabpanel\" aria-labelledby=\"elementor-tab-title-3694\"><p class=\"p1\">Un num\u00e9ro fiscal individuel est un num\u00e9ro d&#8217;identification \u00e0 dix chiffres qui est attribu\u00e9 aux particuliers pour effectuer des transactions financi\u00e8res en R\u00e9publique de Turquie.<\/p><p class=\"p1\">Un num\u00e9ro fiscal en Turquie est requis pour les op\u00e9rations suivantes :<\/p><p class=\"p1\">ouvrir un compte dans une banque turque;<\/p><p class=\"p1\">paiement des droits de l&#8217;\u00c9tat pour un permis de s\u00e9jour;<\/p><p class=\"p1\">paiement des taxes fonci\u00e8res et municipales;<\/p><p class=\"p1\">enregistrement des compteurs d&#8217;eau et d&#8217;\u00e9lectricit\u00e9;<\/p><p class=\"p1\">demander un permis de conduire;<\/p><p class=\"p1\">pour l&#8217;emploi;<\/p><p class=\"p1\">pour l&#8217;admission dans les \u00e9tablissements d&#8217;enseignement;<\/p><p class=\"p1\">d\u00e9marrer votre propre entreprise;<\/p><p class=\"p1\">La proc\u00e9dure d&#8217;obtention d&#8217;un num\u00e9ro fiscal individuel est gratuite, attribu\u00e9e dans les 20 minutes au bureau local des imp\u00f4ts.<\/p><\/div>\n\t\t\t\t<\/div>\n\t\t\t\t\t\t\t\t<\/div>\n\t\t\t\t<\/div>\n\t\t\t\t<\/div>\n\t\t\t\t<div class=\"elementor-element elementor-element-630f164 elementor-widget elementor-widget-heading\" data-id=\"630f164\" data-element_type=\"widget\" data-widget_type=\"heading.default\">\n\t\t\t\t<div class=\"elementor-widget-container\">\n\t\t\t<h2 class=\"elementor-heading-title elementor-size-small\">SERVICE APR\u00c8S-VENTE<\/h2>\t\t<\/div>\n\t\t\t\t<\/div>\n\t\t\t\t<div class=\"elementor-element elementor-element-6ffbf26 elementor-widget elementor-widget-text-editor\" data-id=\"6ffbf26\" data-element_type=\"widget\" data-widget_type=\"text-editor.default\">\n\t\t\t\t<div class=\"elementor-widget-container\">\n\t\t\t<style>\/*! elementor - v3.6.1 - 23-03-2022 *\/\n.elementor-widget-text-editor.elementor-drop-cap-view-stacked .elementor-drop-cap{background-color:#818a91;color:#fff}.elementor-widget-text-editor.elementor-drop-cap-view-framed .elementor-drop-cap{color:#818a91;border:3px solid;background-color:transparent}.elementor-widget-text-editor:not(.elementor-drop-cap-view-default) .elementor-drop-cap{margin-top:8px}.elementor-widget-text-editor:not(.elementor-drop-cap-view-default) .elementor-drop-cap-letter{width:1em;height:1em}.elementor-widget-text-editor .elementor-drop-cap{float:left;text-align:center;line-height:1;font-size:50px}.elementor-widget-text-editor .elementor-drop-cap-letter{display:inline-block}<\/style>\t\t\t\t<p class=\"p1\">R\u00e9cemment, nous sommes de plus en plus confront\u00e9s \u00e0 une question de clients sur la fa\u00e7on d&#8217;acheter un appartement \u00e0 Alanya et de ne pas d\u00e9m\u00e9nager tous les quelques mois ?<\/p><p class=\"p1\">Avoir un appartement \u00e0 Alanya ou en Turquie donne-t-il automatiquement droit \u00e0 un permis de s\u00e9jour ? Vous trouverez ci-dessous un r\u00e9capitulatif du permis de s\u00e9jour (permis de s\u00e9jour).<\/p><p class=\"p1\">Les \u00e9trangers souhaitant rester en Turquie plus longtemps que le r\u00e9gime sans visa autoris\u00e9 doivent s&#8217;adresser au service des migrations pour obtenir un permis de s\u00e9jour.<\/p><p class=\"p1\">Le Service des migrations d\u00e9livre un &#8220;permis de s\u00e9jour pour \u00e9trangers&#8221; afin de pouvoir s\u00e9journer l\u00e9galement en Turquie.<\/p><p class=\"p1\">Un permis de s\u00e9jour est un document qui vous permet de vivre l\u00e9galement en Turquie de 1 \u00e0 2 ans sans partir. Ikamet peut \u00eatre d\u00e9livr\u00e9 pour un an ou deux &#8211; cela d\u00e9pend de vous. Ensuite, il peut \u00eatre prolong\u00e9 autant de fois que vous le souhaitez. Il est impossible de travailler avec un tel permis de s\u00e9jour dans le pays, c&#8217;est ill\u00e9gal et menace d&#8217;expulsion (mais vous pouvez obtenir s\u00e9par\u00e9ment un permis de travail). Le document est une carte plastique &#8211; il s&#8217;appelle ikamet (ikamet).<\/p><p class=\"p1\">Les \u00e9trangers avec un permis de s\u00e9jour valide, pendant la p\u00e9riode de validit\u00e9 du permis, peuvent entrer et sortir du pays avec un document valide sans aucune restriction.<\/p><p class=\"p1\">Poss\u00e9der un bien immobilier en Turquie facilite l&#8217;obtention d&#8217;un permis de s\u00e9jour, mais ne donne pas le droit de le recevoir automatiquement. En d&#8217;autres termes, si vous avez un appartement \u00e0 Alanya (ou dans une autre partie de la Turquie), il vous sera plus facile d&#8217;obtenir un permis de s\u00e9jour que de simplement louer une propri\u00e9t\u00e9. Pour les propri\u00e9taires fonciers en Turquie, un permis de s\u00e9jour est d\u00e9livr\u00e9 pour une r\u00e9sidence de longue dur\u00e9e (au moins 1 an).<\/p><p class=\"p1\">Types de permis de s\u00e9jour en Turquie :<\/p><p class=\"p1\">Court terme de 6 \u00e0 12 mois (pour les propri\u00e9taires, les touristes arrivant pour se faire soigner, les chercheurs)\u00a0; Famille (d\u00e9livr\u00e9 pour pas plus de deux ans); \u00c9tudiant (pour la p\u00e9riode d&#8217;\u00e9tudes); Pour les r\u00e9fugi\u00e9s; Permanent (d\u00e9livr\u00e9 pour une dur\u00e9e ind\u00e9termin\u00e9e \u00e0 ceux qui vivent en Turquie depuis plus de huit ans);<\/p><p class=\"p1\">Les documents suivants sont n\u00e9cessaires pour obtenir un permis de s\u00e9jour temporaire :<\/p><p class=\"p1\">Un formulaire de demande rempli et imprim\u00e9 sur le site Internet du service des migrations\u00a0; Assurance m\u00e9dicale (\u00e9mise pour 1 ou 2 ans, d\u00e9pend de la dur\u00e9e pendant laquelle vous envisagez de demander l&#8217;ikamet)\u00a0; 4 photographies ; Tapu et sa copie (pour les propri\u00e9taires); Num\u00e9ro de contribuable individuel et sa copie (d\u00e9livr\u00e9 au bureau des imp\u00f4ts d&#8217;Alanya en 15-20 minutes); Passeport et copie de la premi\u00e8re page\u00a0; Attestation de solvabilit\u00e9\u00a0; Contrat de bail certifi\u00e9 par un notaire (pour un logement lou\u00e9); Re\u00e7u du paiement de la taxe d&#8217;\u00c9tat (pay\u00e9e au bureau des imp\u00f4ts); Un ikamet existant et sa copie (si vous postulez pour une extension) ;<\/p><p class=\"p1\">*Dans des cas individuels, un ensemble suppl\u00e9mentaire de documents est requis.<\/p><p class=\"p1\">Important!<\/p><p class=\"p1\">Si la dur\u00e9e de votre ikamet a expir\u00e9, le demandeur a le droit de rester dans le pays jusqu&#8217;\u00e0 la date de l&#8217;entretien au Service des migrations. Mais il est interdit de voyager en dehors de la Turquie avant de soumettre des documents. Apr\u00e8s avoir soumis des documents pour l&#8217;ikamet (permis de s\u00e9jour) au service des migrations, le demandeur a le droit de quitter la Turquie jusqu&#8217;\u00e0 15 jours, mais en m\u00eame temps en prenant \u00e0 l&#8217;avance un document de permis aupr\u00e8s d&#8217;un agent du service des migrations.<\/p><p class=\"p1\">Apr\u00e8s avoir soumis avec succ\u00e8s les documents au service des migrations, votre ikamet vous sera envoy\u00e9 par courrier \u00e0 l&#8217;adresse de r\u00e9sidence permanente indiqu\u00e9e. En r\u00e8gle g\u00e9n\u00e9rale, cela prend de 1 \u00e0 3 mois.<\/p><p class=\"p1\">Pour plus d&#8217;informations sur l&#8217;obtention d&#8217;un permis de s\u00e9jour (Ikamet) en Turquie, contactez les sp\u00e9cialistes de Ayvazoglu Homes sur notre site Web.<\/p>\t\t\t\t\t\t<\/div>\n\t\t\t\t<\/div>\n\t\t\t\t\t<\/div>\n\t\t<\/div>\n\t\t\t\t\t\t\t<\/div>\n\t\t<\/section>\n\t\t\t\t<section class=\"elementor-section elementor-top-section elementor-element elementor-element-0cd370a elementor-section-stretched elementor-section-boxed elementor-section-height-default elementor-section-height-default\" data-id=\"0cd370a\" data-element_type=\"section\" data-settings=\"{&quot;stretch_section&quot;:&quot;section-stretched&quot;}\">\n\t\t\t\t\t\t<div class=\"elementor-container elementor-column-gap-extended\">\n\t\t\t\t\t<div class=\"elementor-column elementor-col-100 elementor-top-column elementor-element elementor-element-7d59634\" data-id=\"7d59634\" data-element_type=\"column\">\n\t\t\t<div class=\"elementor-widget-wrap\">\n\t\t\t\t\t\t\t\t\t<\/div>\n\t\t<\/div>\n\t\t\t\t\t\t\t<\/div>\n\t\t<\/section>\n\t\t\t\t<section class=\"elementor-section elementor-top-section elementor-element elementor-element-76f2bfe elementor-section-stretched elementor-section-boxed elementor-section-height-default elementor-section-height-default\" data-id=\"76f2bfe\" data-element_type=\"section\" data-settings=\"{&quot;stretch_section&quot;:&quot;section-stretched&quot;}\">\n\t\t\t\t\t\t<div class=\"elementor-container elementor-column-gap-extended\">\n\t\t\t\t\t<div class=\"elementor-column elementor-col-100 elementor-top-column elementor-element elementor-element-101e902\" data-id=\"101e902\" data-element_type=\"column\">\n\t\t\t<div class=\"elementor-widget-wrap\">\n\t\t\t\t\t\t\t\t\t<\/div>\n\t\t<\/div>\n\t\t\t\t\t\t\t<\/div>\n\t\t<\/section>\n\t\t\t\t\t\t\t<\/div>","protected":false},"excerpt":{"rendered":"<p>SERVICE AVANT-VENTE S\u00e9lection de biens immobiliers selon vos param\u00e8tres Apr\u00e8s avoir d\u00e9cid\u00e9 d&#8217;acheter un bien immobilier sur la c\u00f4te m\u00e9diterran\u00e9enne dans la station baln\u00e9aire d&#8217;Alanya, vous serez in\u00e9vitablement confront\u00e9 \u00e0 la question d&#8217;un partenaire fiable qui vous aidera \u00e0 comprendre toutes les subtilit\u00e9s du march\u00e9 immobilier turc et vous aidera \u00e0 faire le bon choix. [&hellip;]<\/p>","protected":false},"author":1,"featured_media":0,"parent":0,"menu_order":0,"comment_status":"closed","ping_status":"closed","template":"","meta":{"footnotes":""},"class_list":["post-6930","page","type-page","status-publish","hentry"],"_links":{"self":[{"href":"https:\/\/v1.ayvazogluhomes.com\/fr\/wp-json\/wp\/v2\/pages\/6930","targetHints":{"allow":["GET"]}}],"collection":[{"href":"https:\/\/v1.ayvazogluhomes.com\/fr\/wp-json\/wp\/v2\/pages"}],"about":[{"href":"https:\/\/v1.ayvazogluhomes.com\/fr\/wp-json\/wp\/v2\/types\/page"}],"author":[{"embeddable":true,"href":"https:\/\/v1.ayvazogluhomes.com\/fr\/wp-json\/wp\/v2\/users\/1"}],"replies":[{"embeddable":true,"href":"https:\/\/v1.ayvazogluhomes.com\/fr\/wp-json\/wp\/v2\/comments?post=6930"}],"version-history":[{"count":0,"href":"https:\/\/v1.ayvazogluhomes.com\/fr\/wp-json\/wp\/v2\/pages\/6930\/revisions"}],"wp:attachment":[{"href":"https:\/\/v1.ayvazogluhomes.com\/fr\/wp-json\/wp\/v2\/media?parent=6930"}],"curies":[{"name":"wp","href":"https:\/\/api.w.org\/{rel}","templated":true}]}}