{"id":11021,"date":"2022-07-25T12:12:22","date_gmt":"2022-07-25T09:12:22","guid":{"rendered":"https:\/\/ayvazogluhomes.com\/?page_id=11021"},"modified":"2022-07-25T12:46:33","modified_gmt":"2022-07-25T09:46:33","slug":"organization-of-a-study-tour","status":"publish","type":"page","link":"https:\/\/v1.ayvazogluhomes.com\/tr\/organization-of-a-study-tour\/","title":{"rendered":"Bir \u00e7al\u0131\u015fma gezisi organizasyonu"},"content":{"rendered":"<div data-elementor-type=\"wp-page\" data-elementor-id=\"11021\" class=\"elementor elementor-11021\">\n\t\t\t\t\t\t\t\t\t<section class=\"elementor-section elementor-top-section elementor-element elementor-element-810daa2 elementor-section-stretched elementor-section-boxed elementor-section-height-default elementor-section-height-default\" data-id=\"810daa2\" data-element_type=\"section\" data-settings=\"{&quot;stretch_section&quot;:&quot;section-stretched&quot;}\">\n\t\t\t\t\t\t<div class=\"elementor-container elementor-column-gap-extended\">\n\t\t\t\t\t<div class=\"elementor-column elementor-col-100 elementor-top-column elementor-element elementor-element-f966ff4\" data-id=\"f966ff4\" data-element_type=\"column\">\n\t\t\t<div class=\"elementor-widget-wrap elementor-element-populated\">\n\t\t\t\t\t\t\t\t<div class=\"elementor-element elementor-element-f495276 elementor-widget elementor-widget-heading\" data-id=\"f495276\" data-element_type=\"widget\" data-widget_type=\"heading.default\">\n\t\t\t\t<div class=\"elementor-widget-container\">\n\t\t\t<style>\/*! elementor - v3.6.1 - 23-03-2022 *\/\n.elementor-heading-title{padding:0;margin:0;line-height:1}.elementor-widget-heading .elementor-heading-title[class*=elementor-size-]>a{color:inherit;font-size:inherit;line-height:inherit}.elementor-widget-heading .elementor-heading-title.elementor-size-small{font-size:15px}.elementor-widget-heading .elementor-heading-title.elementor-size-medium{font-size:19px}.elementor-widget-heading .elementor-heading-title.elementor-size-large{font-size:29px}.elementor-widget-heading .elementor-heading-title.elementor-size-xl{font-size:39px}.elementor-widget-heading .elementor-heading-title.elementor-size-xxl{font-size:59px}<\/style><h2 class=\"elementor-heading-title elementor-size-small\">SATI\u015e \u00d6NCES\u0130 H\u0130ZMET<\/h2>\t\t<\/div>\n\t\t\t\t<\/div>\n\t\t\t\t<div class=\"elementor-element elementor-element-2334436 elementor-widget elementor-widget-accordion\" data-id=\"2334436\" data-element_type=\"widget\" data-widget_type=\"accordion.default\">\n\t\t\t\t<div class=\"elementor-widget-container\">\n\t\t\t<style>\/*! elementor - v3.6.1 - 23-03-2022 *\/\n.elementor-accordion{text-align:left}.elementor-accordion .elementor-accordion-item{border:1px solid #d4d4d4}.elementor-accordion .elementor-accordion-item+.elementor-accordion-item{border-top:none}.elementor-accordion .elementor-tab-title{margin:0;padding:15px 20px;font-weight:700;line-height:1;cursor:pointer;outline:none}.elementor-accordion .elementor-tab-title .elementor-accordion-icon{display:inline-block;width:1.5em}.elementor-accordion .elementor-tab-title .elementor-accordion-icon svg{width:1em;height:1em}.elementor-accordion .elementor-tab-title .elementor-accordion-icon.elementor-accordion-icon-right{float:right;text-align:right}.elementor-accordion .elementor-tab-title .elementor-accordion-icon.elementor-accordion-icon-left{float:left;text-align:left}.elementor-accordion .elementor-tab-title .elementor-accordion-icon .elementor-accordion-icon-closed{display:block}.elementor-accordion .elementor-tab-title .elementor-accordion-icon .elementor-accordion-icon-opened,.elementor-accordion .elementor-tab-title.elementor-active .elementor-accordion-icon-closed{display:none}.elementor-accordion .elementor-tab-title.elementor-active .elementor-accordion-icon-opened{display:block}.elementor-accordion .elementor-tab-content{display:none;padding:15px 20px;border-top:1px solid #d4d4d4}@media (max-width:767px){.elementor-accordion .elementor-tab-title{padding:12px 15px}.elementor-accordion .elementor-tab-title .elementor-accordion-icon{width:1.2em}.elementor-accordion .elementor-tab-content{padding:7px 15px}}<\/style>\t\t<div class=\"elementor-accordion\" role=\"tablist\">\n\t\t\t\t\t\t\t<div class=\"elementor-accordion-item\">\n\t\t\t\t\t<div id=\"elementor-tab-title-3691\" class=\"elementor-tab-title\" data-tab=\"1\" role=\"tab\" aria-controls=\"elementor-tab-content-3691\" aria-expanded=\"false\">\n\t\t\t\t\t\t\t\t\t\t\t\t\t<span class=\"elementor-accordion-icon elementor-accordion-icon-left\" aria-hidden=\"true\">\n\t\t\t\t\t\t\t\t\t\t\t\t\t\t\t<span class=\"elementor-accordion-icon-closed\"><i class=\"fas fa-plus\"><\/i><\/span>\n\t\t\t\t\t\t\t\t<span class=\"elementor-accordion-icon-opened\"><i class=\"fas fa-minus\"><\/i><\/span>\n\t\t\t\t\t\t\t\t\t\t\t\t\t\t<\/span>\n\t\t\t\t\t\t\t\t\t\t\t\t<a class=\"elementor-accordion-title\" href=\"\">Bir \u00e7al\u0131\u015fma gezisi organizasyonu<\/a>\n\t\t\t\t\t<\/div>\n\t\t\t\t\t<div id=\"elementor-tab-content-3691\" class=\"elementor-tab-content elementor-clearfix\" data-tab=\"1\" role=\"tabpanel\" aria-labelledby=\"elementor-tab-title-3691\"><p class=\"p1\">Acentemiz Ayvazo\u011flu Evleri&#8217;nin hizmetleri aras\u0131nda bir \u00e7al\u0131\u015fma gezisi organizasyonu yer almaktad\u0131r. Tur program\u0131, sizinle havaalan\u0131nda bulu\u015fma, Alanya&#8217;ya konforlu bir transfer, apartmanlarda konaklama, \u015fehir turu, parametrelerinize g\u00f6re \u00f6nceden se\u00e7ilmi\u015f gayrimenkul nesnelerine genel bak\u0131\u015f i\u00e7erir.<\/p><p class=\"p1\">Tan\u0131t\u0131m turu, Alanya&#8217;y\u0131 daha iyi tan\u0131man\u0131n, k\u00fclt\u00fcr\u00fcn\u00fc ve zengin tarihini tan\u0131man\u0131n ve ayn\u0131 zamanda \u015fehrin bir sakini gibi hissetmenin harika bir yoludur.<\/p><p class=\"p1\">Tan\u0131t\u0131m Turu hizmeti nas\u0131l kullan\u0131l\u0131r:<\/p><p class=\"p1\">bize sizin i\u00e7in uygun olan herhangi bir \u015fekilde bir istek b\u0131rak\u0131rsan\u0131z,<\/p><p class=\"p1\">\u015firketimizin y\u00f6neticileri, ek n\u00fcanslar\u0131 g\u00f6r\u00fc\u015fmek ve var\u0131\u015f tarihinizi netle\u015ftirmek i\u00e7in sizinle ileti\u015fime ge\u00e7er;<\/p><p class=\"p1\">T\u00fcrkiye&#8217;de gayrimenkul sat\u0131n almay\u0131 planlarken, bu tur deniz kenar\u0131ndaki en do\u011fru, en d\u00fc\u015f\u00fcnceli gayrimenkul se\u00e7imini yapman\u0131za yard\u0131mc\u0131 olacak!<\/p><\/div>\n\t\t\t\t<\/div>\n\t\t\t\t\t\t\t\t<\/div>\n\t\t\t\t<\/div>\n\t\t\t\t<\/div>\n\t\t\t\t\t<\/div>\n\t\t<\/div>\n\t\t\t\t\t\t\t<\/div>\n\t\t<\/section>\n\t\t\t\t<section class=\"elementor-section elementor-top-section elementor-element elementor-element-0cd370a elementor-section-stretched elementor-section-boxed elementor-section-height-default elementor-section-height-default\" data-id=\"0cd370a\" data-element_type=\"section\" data-settings=\"{&quot;stretch_section&quot;:&quot;section-stretched&quot;}\">\n\t\t\t\t\t\t<div class=\"elementor-container elementor-column-gap-extended\">\n\t\t\t\t\t<div class=\"elementor-column elementor-col-100 elementor-top-column elementor-element elementor-element-7d59634\" data-id=\"7d59634\" data-element_type=\"column\">\n\t\t\t<div class=\"elementor-widget-wrap\">\n\t\t\t\t\t\t\t\t\t<\/div>\n\t\t<\/div>\n\t\t\t\t\t\t\t<\/div>\n\t\t<\/section>\n\t\t\t\t<section class=\"elementor-section elementor-top-section elementor-element elementor-element-76f2bfe elementor-section-stretched elementor-section-boxed elementor-section-height-default elementor-section-height-default\" data-id=\"76f2bfe\" data-element_type=\"section\" data-settings=\"{&quot;stretch_section&quot;:&quot;section-stretched&quot;}\">\n\t\t\t\t\t\t<div class=\"elementor-container elementor-column-gap-extended\">\n\t\t\t\t\t<div class=\"elementor-column elementor-col-100 elementor-top-column elementor-element elementor-element-101e902\" data-id=\"101e902\" data-element_type=\"column\">\n\t\t\t<div class=\"elementor-widget-wrap\">\n\t\t\t\t\t\t\t\t\t<\/div>\n\t\t<\/div>\n\t\t\t\t\t\t\t<\/div>\n\t\t<\/section>\n\t\t\t\t\t\t\t<\/div>","protected":false},"excerpt":{"rendered":"<p>SATI\u015e \u00d6NCES\u0130 H\u0130ZMET Bir \u00e7al\u0131\u015fma gezisi organizasyonu Acentemiz Ayvazo\u011flu Evleri&#8217;nin hizmetleri aras\u0131nda bir \u00e7al\u0131\u015fma gezisi organizasyonu yer almaktad\u0131r. Tur program\u0131, sizinle havaalan\u0131nda bulu\u015fma, Alanya&#8217;ya konforlu bir transfer, apartmanlarda konaklama, \u015fehir turu, parametrelerinize g\u00f6re \u00f6nceden se\u00e7ilmi\u015f gayrimenkul nesnelerine genel bak\u0131\u015f i\u00e7erir. Tan\u0131t\u0131m turu, Alanya&#8217;y\u0131 daha iyi tan\u0131man\u0131n, k\u00fclt\u00fcr\u00fcn\u00fc ve zengin tarihini tan\u0131man\u0131n ve ayn\u0131 zamanda \u015fehrin [&hellip;]<\/p>","protected":false},"author":1,"featured_media":0,"parent":0,"menu_order":0,"comment_status":"closed","ping_status":"closed","template":"","meta":{"footnotes":""},"class_list":["post-11021","page","type-page","status-publish","hentry"],"_links":{"self":[{"href":"https:\/\/v1.ayvazogluhomes.com\/tr\/wp-json\/wp\/v2\/pages\/11021","targetHints":{"allow":["GET"]}}],"collection":[{"href":"https:\/\/v1.ayvazogluhomes.com\/tr\/wp-json\/wp\/v2\/pages"}],"about":[{"href":"https:\/\/v1.ayvazogluhomes.com\/tr\/wp-json\/wp\/v2\/types\/page"}],"author":[{"embeddable":true,"href":"https:\/\/v1.ayvazogluhomes.com\/tr\/wp-json\/wp\/v2\/users\/1"}],"replies":[{"embeddable":true,"href":"https:\/\/v1.ayvazogluhomes.com\/tr\/wp-json\/wp\/v2\/comments?post=11021"}],"version-history":[{"count":0,"href":"https:\/\/v1.ayvazogluhomes.com\/tr\/wp-json\/wp\/v2\/pages\/11021\/revisions"}],"wp:attachment":[{"href":"https:\/\/v1.ayvazogluhomes.com\/tr\/wp-json\/wp\/v2\/media?parent=11021"}],"curies":[{"name":"wp","href":"https:\/\/api.w.org\/{rel}","templated":true}]}}