{"id":11077,"date":"2022-07-25T15:06:51","date_gmt":"2022-07-25T12:06:51","guid":{"rendered":"https:\/\/ayvazogluhomes.com\/?page_id=11077"},"modified":"2022-07-25T15:07:54","modified_gmt":"2022-07-25T12:07:54","slug":"opening-account-in-a-turkish-bank","status":"publish","type":"page","link":"https:\/\/v1.ayvazogluhomes.com\/tr\/opening-account-in-a-turkish-bank\/","title":{"rendered":"Bi\u0307r t\u00fcrk bankasinda hesap a\u00e7mak"},"content":{"rendered":"<div data-elementor-type=\"wp-page\" data-elementor-id=\"11077\" class=\"elementor elementor-11077\">\n\t\t\t\t\t\t\t\t\t<section class=\"elementor-section elementor-top-section elementor-element elementor-element-810daa2 elementor-section-stretched elementor-section-boxed elementor-section-height-default elementor-section-height-default\" data-id=\"810daa2\" data-element_type=\"section\" data-settings=\"{&quot;stretch_section&quot;:&quot;section-stretched&quot;}\">\n\t\t\t\t\t\t<div class=\"elementor-container elementor-column-gap-extended\">\n\t\t\t\t\t<div class=\"elementor-column elementor-col-100 elementor-top-column elementor-element elementor-element-f966ff4\" data-id=\"f966ff4\" data-element_type=\"column\">\n\t\t\t<div class=\"elementor-widget-wrap elementor-element-populated\">\n\t\t\t\t\t\t\t\t<div class=\"elementor-element elementor-element-f495276 elementor-widget elementor-widget-heading\" data-id=\"f495276\" data-element_type=\"widget\" data-widget_type=\"heading.default\">\n\t\t\t\t<div class=\"elementor-widget-container\">\n\t\t\t<style>\/*! elementor - v3.6.1 - 23-03-2022 *\/\n.elementor-heading-title{padding:0;margin:0;line-height:1}.elementor-widget-heading .elementor-heading-title[class*=elementor-size-]>a{color:inherit;font-size:inherit;line-height:inherit}.elementor-widget-heading .elementor-heading-title.elementor-size-small{font-size:15px}.elementor-widget-heading .elementor-heading-title.elementor-size-medium{font-size:19px}.elementor-widget-heading .elementor-heading-title.elementor-size-large{font-size:29px}.elementor-widget-heading .elementor-heading-title.elementor-size-xl{font-size:39px}.elementor-widget-heading .elementor-heading-title.elementor-size-xxl{font-size:59px}<\/style><h2 class=\"elementor-heading-title elementor-size-small\">SATI\u015e \u00d6NCES\u0130 H\u0130ZMET<\/h2>\t\t<\/div>\n\t\t\t\t<\/div>\n\t\t\t\t<div class=\"elementor-element elementor-element-2334436 elementor-widget elementor-widget-accordion\" data-id=\"2334436\" data-element_type=\"widget\" data-widget_type=\"accordion.default\">\n\t\t\t\t<div class=\"elementor-widget-container\">\n\t\t\t<style>\/*! elementor - v3.6.1 - 23-03-2022 *\/\n.elementor-accordion{text-align:left}.elementor-accordion .elementor-accordion-item{border:1px solid #d4d4d4}.elementor-accordion .elementor-accordion-item+.elementor-accordion-item{border-top:none}.elementor-accordion .elementor-tab-title{margin:0;padding:15px 20px;font-weight:700;line-height:1;cursor:pointer;outline:none}.elementor-accordion .elementor-tab-title .elementor-accordion-icon{display:inline-block;width:1.5em}.elementor-accordion .elementor-tab-title .elementor-accordion-icon svg{width:1em;height:1em}.elementor-accordion .elementor-tab-title .elementor-accordion-icon.elementor-accordion-icon-right{float:right;text-align:right}.elementor-accordion .elementor-tab-title .elementor-accordion-icon.elementor-accordion-icon-left{float:left;text-align:left}.elementor-accordion .elementor-tab-title .elementor-accordion-icon .elementor-accordion-icon-closed{display:block}.elementor-accordion .elementor-tab-title .elementor-accordion-icon .elementor-accordion-icon-opened,.elementor-accordion .elementor-tab-title.elementor-active .elementor-accordion-icon-closed{display:none}.elementor-accordion .elementor-tab-title.elementor-active .elementor-accordion-icon-opened{display:block}.elementor-accordion .elementor-tab-content{display:none;padding:15px 20px;border-top:1px solid #d4d4d4}@media (max-width:767px){.elementor-accordion .elementor-tab-title{padding:12px 15px}.elementor-accordion .elementor-tab-title .elementor-accordion-icon{width:1.2em}.elementor-accordion .elementor-tab-content{padding:7px 15px}}<\/style>\t\t<div class=\"elementor-accordion\" role=\"tablist\">\n\t\t\t\t\t\t\t<div class=\"elementor-accordion-item\">\n\t\t\t\t\t<div id=\"elementor-tab-title-3691\" class=\"elementor-tab-title\" data-tab=\"1\" role=\"tab\" aria-controls=\"elementor-tab-content-3691\" aria-expanded=\"false\">\n\t\t\t\t\t\t\t\t\t\t\t\t\t<span class=\"elementor-accordion-icon elementor-accordion-icon-left\" aria-hidden=\"true\">\n\t\t\t\t\t\t\t\t\t\t\t\t\t\t\t<span class=\"elementor-accordion-icon-closed\"><i class=\"fas fa-plus\"><\/i><\/span>\n\t\t\t\t\t\t\t\t<span class=\"elementor-accordion-icon-opened\"><i class=\"fas fa-minus\"><\/i><\/span>\n\t\t\t\t\t\t\t\t\t\t\t\t\t\t<\/span>\n\t\t\t\t\t\t\t\t\t\t\t\t<a class=\"elementor-accordion-title\" href=\"\">Bi\u0307r t\u00fcrk bankasinda hesap a\u00e7mak<\/a>\n\t\t\t\t\t<\/div>\n\t\t\t\t\t<div id=\"elementor-tab-content-3691\" class=\"elementor-tab-content elementor-clearfix\" data-tab=\"1\" role=\"tabpanel\" aria-labelledby=\"elementor-tab-title-3691\"><p class=\"p1\">Gayrimenkul i\u00e7in belgeleri i\u015flemeye ba\u015flamadan \u00f6nce bir T\u00fcrk bankas\u0131nda hesap a\u00e7man\u0131z gerekecektir.<\/p><p class=\"p1\">Bir T\u00fcrk banka hesab\u0131 a\u00e7mak i\u00e7in a\u015fa\u011f\u0131daki belgelere ihtiyac\u0131n\u0131z olacak:<\/p><p class=\"p1\">Uluslararas\u0131 pasaport;<\/p><p class=\"p1\">Vergi dairesinden al\u0131nabilecek TIN,<\/p><p class=\"p1\">Gerekli t\u00fcm belgeleri doldurduktan sonra banka \u00e7al\u0131\u015fan\u0131 size bir fatura kesecek ve fiziksel kart 7-10 g\u00fcn i\u00e7inde haz\u0131r olacak ve bu konuda size bilgi verilecektir.<\/p><p class=\"p1\">Neden bir T\u00fcrk banka hesab\u0131na ihtiyac\u0131m var?<\/p><p class=\"p1\">gayrimenkul al\u0131m\u0131 i\u00e7in fon transferi;<\/p><p class=\"p1\">faturalar\u0131 \u00f6demek;<\/p><p class=\"p1\">y\u0131ll\u0131k vergi \u00f6demek;<\/p><p class=\"p1\">oturma izni almak \/ uzatmak i\u00e7in devlet vergisini \u00f6demek;<\/p><p class=\"p1\">konut kiralamak i\u00e7in kira almak;<\/p><p class=\"p1\">\u0130nternette al\u0131\u015fveri\u015f yapmak;<\/p><p class=\"p1\">mevduata ba\u011fl\u0131 bir plastik kart\u0131n varl\u0131\u011f\u0131, sizi evde para depolama ihtiyac\u0131ndan kurtaracakt\u0131r;<\/p><p class=\"p1\">\u015eirketimizin \u00e7al\u0131\u015fanlar\u0131, bir T\u00fcrk bankas\u0131 se\u00e7iminde size yard\u0131mc\u0131 olacak ve hesap a\u00e7mak i\u00e7in gerekli t\u00fcm belgeleri haz\u0131rlayacakt\u0131r.<\/p><\/div>\n\t\t\t\t<\/div>\n\t\t\t\t\t\t\t\t<\/div>\n\t\t\t\t<\/div>\n\t\t\t\t<\/div>\n\t\t\t\t\t<\/div>\n\t\t<\/div>\n\t\t\t\t\t\t\t<\/div>\n\t\t<\/section>\n\t\t\t\t<section class=\"elementor-section elementor-top-section elementor-element elementor-element-0cd370a elementor-section-stretched elementor-section-boxed elementor-section-height-default elementor-section-height-default\" data-id=\"0cd370a\" data-element_type=\"section\" data-settings=\"{&quot;stretch_section&quot;:&quot;section-stretched&quot;}\">\n\t\t\t\t\t\t<div class=\"elementor-container elementor-column-gap-extended\">\n\t\t\t\t\t<div class=\"elementor-column elementor-col-100 elementor-top-column elementor-element elementor-element-7d59634\" data-id=\"7d59634\" data-element_type=\"column\">\n\t\t\t<div class=\"elementor-widget-wrap\">\n\t\t\t\t\t\t\t\t\t<\/div>\n\t\t<\/div>\n\t\t\t\t\t\t\t<\/div>\n\t\t<\/section>\n\t\t\t\t<section class=\"elementor-section elementor-top-section elementor-element elementor-element-76f2bfe elementor-section-stretched elementor-section-boxed elementor-section-height-default elementor-section-height-default\" data-id=\"76f2bfe\" data-element_type=\"section\" data-settings=\"{&quot;stretch_section&quot;:&quot;section-stretched&quot;}\">\n\t\t\t\t\t\t<div class=\"elementor-container elementor-column-gap-extended\">\n\t\t\t\t\t<div class=\"elementor-column elementor-col-100 elementor-top-column elementor-element elementor-element-101e902\" data-id=\"101e902\" data-element_type=\"column\">\n\t\t\t<div class=\"elementor-widget-wrap\">\n\t\t\t\t\t\t\t\t\t<\/div>\n\t\t<\/div>\n\t\t\t\t\t\t\t<\/div>\n\t\t<\/section>\n\t\t\t\t\t\t\t<\/div>","protected":false},"excerpt":{"rendered":"<p>SATI\u015e \u00d6NCES\u0130 H\u0130ZMET Bi\u0307r t\u00fcrk bankasinda hesap a\u00e7mak Gayrimenkul i\u00e7in belgeleri i\u015flemeye ba\u015flamadan \u00f6nce bir T\u00fcrk bankas\u0131nda hesap a\u00e7man\u0131z gerekecektir. Bir T\u00fcrk banka hesab\u0131 a\u00e7mak i\u00e7in a\u015fa\u011f\u0131daki belgelere ihtiyac\u0131n\u0131z olacak: Uluslararas\u0131 pasaport; Vergi dairesinden al\u0131nabilecek TIN, Gerekli t\u00fcm belgeleri doldurduktan sonra banka \u00e7al\u0131\u015fan\u0131 size bir fatura kesecek ve fiziksel kart 7-10 g\u00fcn i\u00e7inde haz\u0131r olacak [&hellip;]<\/p>","protected":false},"author":1,"featured_media":0,"parent":0,"menu_order":0,"comment_status":"closed","ping_status":"closed","template":"","meta":{"footnotes":""},"class_list":["post-11077","page","type-page","status-publish","hentry"],"_links":{"self":[{"href":"https:\/\/v1.ayvazogluhomes.com\/tr\/wp-json\/wp\/v2\/pages\/11077","targetHints":{"allow":["GET"]}}],"collection":[{"href":"https:\/\/v1.ayvazogluhomes.com\/tr\/wp-json\/wp\/v2\/pages"}],"about":[{"href":"https:\/\/v1.ayvazogluhomes.com\/tr\/wp-json\/wp\/v2\/types\/page"}],"author":[{"embeddable":true,"href":"https:\/\/v1.ayvazogluhomes.com\/tr\/wp-json\/wp\/v2\/users\/1"}],"replies":[{"embeddable":true,"href":"https:\/\/v1.ayvazogluhomes.com\/tr\/wp-json\/wp\/v2\/comments?post=11077"}],"version-history":[{"count":0,"href":"https:\/\/v1.ayvazogluhomes.com\/tr\/wp-json\/wp\/v2\/pages\/11077\/revisions"}],"wp:attachment":[{"href":"https:\/\/v1.ayvazogluhomes.com\/tr\/wp-json\/wp\/v2\/media?parent=11077"}],"curies":[{"name":"wp","href":"https:\/\/api.w.org\/{rel}","templated":true}]}}