{"id":11084,"date":"2022-07-25T15:44:34","date_gmt":"2022-07-25T12:44:34","guid":{"rendered":"https:\/\/ayvazogluhomes.com\/?page_id=11084"},"modified":"2022-07-25T15:49:18","modified_gmt":"2022-07-25T12:49:18","slug":"obtaining-a-tax-number","status":"publish","type":"page","link":"https:\/\/v1.ayvazogluhomes.com\/tr\/obtaining-a-tax-number\/","title":{"rendered":"Vergi numaras\u0131 alma"},"content":{"rendered":"<div data-elementor-type=\"wp-page\" data-elementor-id=\"11084\" class=\"elementor elementor-11084\">\n\t\t\t\t\t\t\t\t\t<section class=\"elementor-section elementor-top-section elementor-element elementor-element-810daa2 elementor-section-stretched elementor-section-boxed elementor-section-height-default elementor-section-height-default\" data-id=\"810daa2\" data-element_type=\"section\" data-settings=\"{&quot;stretch_section&quot;:&quot;section-stretched&quot;}\">\n\t\t\t\t\t\t<div class=\"elementor-container elementor-column-gap-extended\">\n\t\t\t\t\t<div class=\"elementor-column elementor-col-100 elementor-top-column elementor-element elementor-element-f966ff4\" data-id=\"f966ff4\" data-element_type=\"column\">\n\t\t\t<div class=\"elementor-widget-wrap elementor-element-populated\">\n\t\t\t\t\t\t\t\t<div class=\"elementor-element elementor-element-f495276 elementor-widget elementor-widget-heading\" data-id=\"f495276\" data-element_type=\"widget\" data-widget_type=\"heading.default\">\n\t\t\t\t<div class=\"elementor-widget-container\">\n\t\t\t<style>\/*! elementor - v3.6.1 - 23-03-2022 *\/\n.elementor-heading-title{padding:0;margin:0;line-height:1}.elementor-widget-heading .elementor-heading-title[class*=elementor-size-]>a{color:inherit;font-size:inherit;line-height:inherit}.elementor-widget-heading .elementor-heading-title.elementor-size-small{font-size:15px}.elementor-widget-heading .elementor-heading-title.elementor-size-medium{font-size:19px}.elementor-widget-heading .elementor-heading-title.elementor-size-large{font-size:29px}.elementor-widget-heading .elementor-heading-title.elementor-size-xl{font-size:39px}.elementor-widget-heading .elementor-heading-title.elementor-size-xxl{font-size:59px}<\/style><h2 class=\"elementor-heading-title elementor-size-small\">SATI\u015e \u00d6NCES\u0130 H\u0130ZMET<\/h2>\t\t<\/div>\n\t\t\t\t<\/div>\n\t\t\t\t<div class=\"elementor-element elementor-element-2334436 elementor-widget elementor-widget-accordion\" data-id=\"2334436\" data-element_type=\"widget\" data-widget_type=\"accordion.default\">\n\t\t\t\t<div class=\"elementor-widget-container\">\n\t\t\t<style>\/*! elementor - v3.6.1 - 23-03-2022 *\/\n.elementor-accordion{text-align:left}.elementor-accordion .elementor-accordion-item{border:1px solid #d4d4d4}.elementor-accordion .elementor-accordion-item+.elementor-accordion-item{border-top:none}.elementor-accordion .elementor-tab-title{margin:0;padding:15px 20px;font-weight:700;line-height:1;cursor:pointer;outline:none}.elementor-accordion .elementor-tab-title .elementor-accordion-icon{display:inline-block;width:1.5em}.elementor-accordion .elementor-tab-title .elementor-accordion-icon svg{width:1em;height:1em}.elementor-accordion .elementor-tab-title .elementor-accordion-icon.elementor-accordion-icon-right{float:right;text-align:right}.elementor-accordion .elementor-tab-title .elementor-accordion-icon.elementor-accordion-icon-left{float:left;text-align:left}.elementor-accordion .elementor-tab-title .elementor-accordion-icon .elementor-accordion-icon-closed{display:block}.elementor-accordion .elementor-tab-title .elementor-accordion-icon .elementor-accordion-icon-opened,.elementor-accordion .elementor-tab-title.elementor-active .elementor-accordion-icon-closed{display:none}.elementor-accordion .elementor-tab-title.elementor-active .elementor-accordion-icon-opened{display:block}.elementor-accordion .elementor-tab-content{display:none;padding:15px 20px;border-top:1px solid #d4d4d4}@media (max-width:767px){.elementor-accordion .elementor-tab-title{padding:12px 15px}.elementor-accordion .elementor-tab-title .elementor-accordion-icon{width:1.2em}.elementor-accordion .elementor-tab-content{padding:7px 15px}}<\/style>\t\t<div class=\"elementor-accordion\" role=\"tablist\">\n\t\t\t\t\t\t\t<div class=\"elementor-accordion-item\">\n\t\t\t\t\t<div id=\"elementor-tab-title-3691\" class=\"elementor-tab-title\" data-tab=\"1\" role=\"tab\" aria-controls=\"elementor-tab-content-3691\" aria-expanded=\"false\">\n\t\t\t\t\t\t\t\t\t\t\t\t\t<span class=\"elementor-accordion-icon elementor-accordion-icon-left\" aria-hidden=\"true\">\n\t\t\t\t\t\t\t\t\t\t\t\t\t\t\t<span class=\"elementor-accordion-icon-closed\"><i class=\"fas fa-plus\"><\/i><\/span>\n\t\t\t\t\t\t\t\t<span class=\"elementor-accordion-icon-opened\"><i class=\"fas fa-minus\"><\/i><\/span>\n\t\t\t\t\t\t\t\t\t\t\t\t\t\t<\/span>\n\t\t\t\t\t\t\t\t\t\t\t\t<a class=\"elementor-accordion-title\" href=\"\">Vergi numaras\u0131 alma<\/a>\n\t\t\t\t\t<\/div>\n\t\t\t\t\t<div id=\"elementor-tab-content-3691\" class=\"elementor-tab-content elementor-clearfix\" data-tab=\"1\" role=\"tabpanel\" aria-labelledby=\"elementor-tab-title-3691\"><p class=\"p1\">Bireysel vergi numaras\u0131 (IIN), T\u00fcrkiye Cumhuriyeti&#8217;nde finansal i\u015flem yapmak \u00fczere ki\u015filere verilen on haneli bir kimlik numaras\u0131d\u0131r.<\/p><p class=\"p1\">A\u015fa\u011f\u0131daki i\u015flemler i\u00e7in T\u00fcrkiye&#8217;de bir vergi numaras\u0131 gereklidir:<\/p><p class=\"p1\">bir T\u00fcrk bankas\u0131nda hesap a\u00e7mak;<\/p><p class=\"p1\">oturma izni i\u00e7in devlet vergisinin \u00f6denmesi;<\/p><p class=\"p1\">arazi ve belediye vergilerinin \u00f6denmesi;<\/p><p class=\"p1\">su ve elektrik saya\u00e7lar\u0131n\u0131n kayd\u0131;<\/p><p class=\"p1\">ehliyet i\u00e7in ba\u015fvurmak;<\/p><p class=\"p1\">\u0130stihdam i\u00e7in;<\/p><p class=\"p1\">e\u011fitim kurumlar\u0131na kabul i\u00e7in;<\/p><p class=\"p1\">kendi i\u015fini kurmak i\u00e7in;<\/p><p class=\"p1\">Yerel vergi dairesinde 20 dakika i\u00e7inde atanan bireysel vergi m\u00fckellefi numaras\u0131 alma prosed\u00fcr\u00fc \u00fccretsizdir.<\/p><\/div>\n\t\t\t\t<\/div>\n\t\t\t\t\t\t\t\t<\/div>\n\t\t\t\t<\/div>\n\t\t\t\t<\/div>\n\t\t\t\t\t<\/div>\n\t\t<\/div>\n\t\t\t\t\t\t\t<\/div>\n\t\t<\/section>\n\t\t\t\t<section class=\"elementor-section elementor-top-section elementor-element elementor-element-0cd370a elementor-section-stretched elementor-section-boxed elementor-section-height-default elementor-section-height-default\" data-id=\"0cd370a\" data-element_type=\"section\" data-settings=\"{&quot;stretch_section&quot;:&quot;section-stretched&quot;}\">\n\t\t\t\t\t\t<div class=\"elementor-container elementor-column-gap-extended\">\n\t\t\t\t\t<div class=\"elementor-column elementor-col-100 elementor-top-column elementor-element elementor-element-7d59634\" data-id=\"7d59634\" data-element_type=\"column\">\n\t\t\t<div class=\"elementor-widget-wrap\">\n\t\t\t\t\t\t\t\t\t<\/div>\n\t\t<\/div>\n\t\t\t\t\t\t\t<\/div>\n\t\t<\/section>\n\t\t\t\t<section class=\"elementor-section elementor-top-section elementor-element elementor-element-76f2bfe elementor-section-stretched elementor-section-boxed elementor-section-height-default elementor-section-height-default\" data-id=\"76f2bfe\" data-element_type=\"section\" data-settings=\"{&quot;stretch_section&quot;:&quot;section-stretched&quot;}\">\n\t\t\t\t\t\t<div class=\"elementor-container elementor-column-gap-extended\">\n\t\t\t\t\t<div class=\"elementor-column elementor-col-100 elementor-top-column elementor-element elementor-element-101e902\" data-id=\"101e902\" data-element_type=\"column\">\n\t\t\t<div class=\"elementor-widget-wrap\">\n\t\t\t\t\t\t\t\t\t<\/div>\n\t\t<\/div>\n\t\t\t\t\t\t\t<\/div>\n\t\t<\/section>\n\t\t\t\t\t\t\t<\/div>","protected":false},"excerpt":{"rendered":"<p>SATI\u015e \u00d6NCES\u0130 H\u0130ZMET Vergi numaras\u0131 alma Bireysel vergi numaras\u0131 (IIN), T\u00fcrkiye Cumhuriyeti&#8217;nde finansal i\u015flem yapmak \u00fczere ki\u015filere verilen on haneli bir kimlik numaras\u0131d\u0131r. A\u015fa\u011f\u0131daki i\u015flemler i\u00e7in T\u00fcrkiye&#8217;de bir vergi numaras\u0131 gereklidir: bir T\u00fcrk bankas\u0131nda hesap a\u00e7mak; oturma izni i\u00e7in devlet vergisinin \u00f6denmesi; arazi ve belediye vergilerinin \u00f6denmesi; su ve elektrik saya\u00e7lar\u0131n\u0131n kayd\u0131; ehliyet i\u00e7in ba\u015fvurmak; [&hellip;]<\/p>","protected":false},"author":1,"featured_media":0,"parent":0,"menu_order":0,"comment_status":"closed","ping_status":"closed","template":"","meta":{"footnotes":""},"class_list":["post-11084","page","type-page","status-publish","hentry"],"_links":{"self":[{"href":"https:\/\/v1.ayvazogluhomes.com\/tr\/wp-json\/wp\/v2\/pages\/11084","targetHints":{"allow":["GET"]}}],"collection":[{"href":"https:\/\/v1.ayvazogluhomes.com\/tr\/wp-json\/wp\/v2\/pages"}],"about":[{"href":"https:\/\/v1.ayvazogluhomes.com\/tr\/wp-json\/wp\/v2\/types\/page"}],"author":[{"embeddable":true,"href":"https:\/\/v1.ayvazogluhomes.com\/tr\/wp-json\/wp\/v2\/users\/1"}],"replies":[{"embeddable":true,"href":"https:\/\/v1.ayvazogluhomes.com\/tr\/wp-json\/wp\/v2\/comments?post=11084"}],"version-history":[{"count":0,"href":"https:\/\/v1.ayvazogluhomes.com\/tr\/wp-json\/wp\/v2\/pages\/11084\/revisions"}],"wp:attachment":[{"href":"https:\/\/v1.ayvazogluhomes.com\/tr\/wp-json\/wp\/v2\/media?parent=11084"}],"curies":[{"name":"wp","href":"https:\/\/api.w.org\/{rel}","templated":true}]}}