{"id":6930,"date":"2022-06-22T11:51:19","date_gmt":"2022-06-22T08:51:19","guid":{"rendered":"https:\/\/new.ayvazogluhomes.com\/?page_id=6930"},"modified":"2022-07-25T12:43:15","modified_gmt":"2022-07-25T09:43:15","slug":"our-services","status":"publish","type":"page","link":"https:\/\/v1.ayvazogluhomes.com\/tr\/our-services\/","title":{"rendered":"Hizmetlerimiz"},"content":{"rendered":"<div data-elementor-type=\"wp-page\" data-elementor-id=\"6930\" class=\"elementor elementor-6930\">\n\t\t\t\t\t\t\t\t\t<section class=\"elementor-section elementor-top-section elementor-element elementor-element-810daa2 elementor-section-stretched elementor-section-boxed elementor-section-height-default elementor-section-height-default\" data-id=\"810daa2\" data-element_type=\"section\" data-settings=\"{&quot;stretch_section&quot;:&quot;section-stretched&quot;}\">\n\t\t\t\t\t\t<div class=\"elementor-container elementor-column-gap-extended\">\n\t\t\t\t\t<div class=\"elementor-column elementor-col-100 elementor-top-column elementor-element elementor-element-f966ff4\" data-id=\"f966ff4\" data-element_type=\"column\">\n\t\t\t<div class=\"elementor-widget-wrap elementor-element-populated\">\n\t\t\t\t\t\t\t\t<div class=\"elementor-element elementor-element-f495276 elementor-widget elementor-widget-heading\" data-id=\"f495276\" data-element_type=\"widget\" data-widget_type=\"heading.default\">\n\t\t\t\t<div class=\"elementor-widget-container\">\n\t\t\t<style>\/*! elementor - v3.6.1 - 23-03-2022 *\/\n.elementor-heading-title{padding:0;margin:0;line-height:1}.elementor-widget-heading .elementor-heading-title[class*=elementor-size-]>a{color:inherit;font-size:inherit;line-height:inherit}.elementor-widget-heading .elementor-heading-title.elementor-size-small{font-size:15px}.elementor-widget-heading .elementor-heading-title.elementor-size-medium{font-size:19px}.elementor-widget-heading .elementor-heading-title.elementor-size-large{font-size:29px}.elementor-widget-heading .elementor-heading-title.elementor-size-xl{font-size:39px}.elementor-widget-heading .elementor-heading-title.elementor-size-xxl{font-size:59px}<\/style><h2 class=\"elementor-heading-title elementor-size-small\">SATI\u015e \u00d6NCES\u0130 H\u0130ZMET<\/h2>\t\t<\/div>\n\t\t\t\t<\/div>\n\t\t\t\t<div class=\"elementor-element elementor-element-2334436 elementor-widget elementor-widget-accordion\" data-id=\"2334436\" data-element_type=\"widget\" data-widget_type=\"accordion.default\">\n\t\t\t\t<div class=\"elementor-widget-container\">\n\t\t\t<style>\/*! elementor - v3.6.1 - 23-03-2022 *\/\n.elementor-accordion{text-align:left}.elementor-accordion .elementor-accordion-item{border:1px solid #d4d4d4}.elementor-accordion .elementor-accordion-item+.elementor-accordion-item{border-top:none}.elementor-accordion .elementor-tab-title{margin:0;padding:15px 20px;font-weight:700;line-height:1;cursor:pointer;outline:none}.elementor-accordion .elementor-tab-title .elementor-accordion-icon{display:inline-block;width:1.5em}.elementor-accordion .elementor-tab-title .elementor-accordion-icon svg{width:1em;height:1em}.elementor-accordion .elementor-tab-title .elementor-accordion-icon.elementor-accordion-icon-right{float:right;text-align:right}.elementor-accordion .elementor-tab-title .elementor-accordion-icon.elementor-accordion-icon-left{float:left;text-align:left}.elementor-accordion .elementor-tab-title .elementor-accordion-icon .elementor-accordion-icon-closed{display:block}.elementor-accordion .elementor-tab-title .elementor-accordion-icon .elementor-accordion-icon-opened,.elementor-accordion .elementor-tab-title.elementor-active .elementor-accordion-icon-closed{display:none}.elementor-accordion .elementor-tab-title.elementor-active .elementor-accordion-icon-opened{display:block}.elementor-accordion .elementor-tab-content{display:none;padding:15px 20px;border-top:1px solid #d4d4d4}@media (max-width:767px){.elementor-accordion .elementor-tab-title{padding:12px 15px}.elementor-accordion .elementor-tab-title .elementor-accordion-icon{width:1.2em}.elementor-accordion .elementor-tab-content{padding:7px 15px}}<\/style>\t\t<div class=\"elementor-accordion\" role=\"tablist\">\n\t\t\t\t\t\t\t<div class=\"elementor-accordion-item\">\n\t\t\t\t\t<div id=\"elementor-tab-title-3691\" class=\"elementor-tab-title\" data-tab=\"1\" role=\"tab\" aria-controls=\"elementor-tab-content-3691\" aria-expanded=\"false\">\n\t\t\t\t\t\t\t\t\t\t\t\t\t<span class=\"elementor-accordion-icon elementor-accordion-icon-left\" aria-hidden=\"true\">\n\t\t\t\t\t\t\t\t\t\t\t\t\t\t\t<span class=\"elementor-accordion-icon-closed\"><i class=\"fas fa-plus\"><\/i><\/span>\n\t\t\t\t\t\t\t\t<span class=\"elementor-accordion-icon-opened\"><i class=\"fas fa-minus\"><\/i><\/span>\n\t\t\t\t\t\t\t\t\t\t\t\t\t\t<\/span>\n\t\t\t\t\t\t\t\t\t\t\t\t<a class=\"elementor-accordion-title\" href=\"\">Parametrelerinize g\u00f6re gayrimenkul se\u00e7imi<\/a>\n\t\t\t\t\t<\/div>\n\t\t\t\t\t<div id=\"elementor-tab-content-3691\" class=\"elementor-tab-content elementor-clearfix\" data-tab=\"1\" role=\"tabpanel\" aria-labelledby=\"elementor-tab-title-3691\"><div class=\"podbor\">\n<p class=\"p1\">Akdeniz k\u0131y\u0131s\u0131ndaki Alanya tatil beldesinde gayrimenkul sat\u0131n almaya karar verdi\u011finizde, ka\u00e7\u0131n\u0131lmaz olarak T\u00fcrk emlak piyasas\u0131n\u0131n t\u00fcm inceliklerini anlaman\u0131za ve do\u011fru se\u00e7imi yapman\u0131za yard\u0131mc\u0131 olacak g\u00fcvenilir bir ortak sorusuyla kar\u015f\u0131 kar\u015f\u0131ya kalacaks\u0131n\u0131z. Acentemiz Ayvazo\u011flu Evleri size yard\u0131m etmeye ve hata yapmamaya haz\u0131r. Ajans\u0131m\u0131z uzun y\u0131llara dayanan deneyime, yerle\u015fik ba\u011flant\u0131lara ve de\u011ferli bir \u00fcne sahiptir.<\/p>\n<p class=\"p1\">Bug\u00fcn T\u00fcrkiye&#8217;de emlak sat\u0131n almak karl\u0131 ve g\u00fcvenilir bir yat\u0131r\u0131md\u0131r. Gayrimenkul sahibi olmak size t\u00fcm aile \u00fcyeleri i\u00e7in oturma izni alma ve baz\u0131 durumlarda vatanda\u015fl\u0131k ba\u015fvurusu yapma hakk\u0131 verir.<\/p>\n<p class=\"p1\">Gayrimenkul se\u00e7me prosed\u00fcr\u00fc basittir &#8211; y\u00f6neticilerimize sizin i\u00e7in uygun olan herhangi bir bi\u00e7imde bir talep g\u00f6nderirsiniz, gelecekteki evinizin istenen parametrelerini belirtirsiniz ve \u00f6zellikle sizin i\u00e7in bir se\u00e7im yapar\u0131z. Alanya&#8217;da de\u011filseniz, be\u011fendi\u011finiz m\u00fclk\u00fcn \u00e7evrimi\u00e7i g\u00f6sterimini organize etmekten mutluluk duyar\u0131z. Ayr\u0131ca \u00e7evrimi\u00e7i bir sat\u0131n alma i\u015flemi yapabilirsiniz, bu basit bir prosed\u00fcrd\u00fcr, ard\u0131ndan g\u00fcne\u015fli bir T\u00fcrkiye par\u00e7as\u0131n\u0131n gururlu sahibi olacaks\u0131n\u0131z.<\/p>\n\n<\/div><\/div>\n\t\t\t\t<\/div>\n\t\t\t\t\t\t\t<div class=\"elementor-accordion-item\">\n\t\t\t\t\t<div id=\"elementor-tab-title-3692\" class=\"elementor-tab-title\" data-tab=\"2\" role=\"tab\" aria-controls=\"elementor-tab-content-3692\" aria-expanded=\"false\">\n\t\t\t\t\t\t\t\t\t\t\t\t\t<span class=\"elementor-accordion-icon elementor-accordion-icon-left\" aria-hidden=\"true\">\n\t\t\t\t\t\t\t\t\t\t\t\t\t\t\t<span class=\"elementor-accordion-icon-closed\"><i class=\"fas fa-plus\"><\/i><\/span>\n\t\t\t\t\t\t\t\t<span class=\"elementor-accordion-icon-opened\"><i class=\"fas fa-minus\"><\/i><\/span>\n\t\t\t\t\t\t\t\t\t\t\t\t\t\t<\/span>\n\t\t\t\t\t\t\t\t\t\t\t\t<a class=\"elementor-accordion-title\" href=\"\">Bir \u00e7al\u0131\u015fma gezisi organizasyonu<\/a>\n\t\t\t\t\t<\/div>\n\t\t\t\t\t<div id=\"elementor-tab-content-3692\" class=\"elementor-tab-content elementor-clearfix\" data-tab=\"2\" role=\"tabpanel\" aria-labelledby=\"elementor-tab-title-3692\"><p class=\"p1\">Acentemiz Ayvazo\u011flu Evleri&#8217;nin hizmetleri aras\u0131nda bir \u00e7al\u0131\u015fma gezisi organizasyonu yer almaktad\u0131r. Tur program\u0131, sizinle havaalan\u0131nda bulu\u015fma, Alanya&#8217;ya konforlu bir transfer, apartmanlarda konaklama, \u015fehir turu, parametrelerinize g\u00f6re \u00f6nceden se\u00e7ilmi\u015f gayrimenkul nesnelerine genel bak\u0131\u015f i\u00e7erir.<\/p>\n<p class=\"p1\">Tan\u0131t\u0131m turu, Alanya&#8217;y\u0131 daha iyi tan\u0131man\u0131n, k\u00fclt\u00fcr\u00fcn\u00fc ve zengin tarihini tan\u0131man\u0131n ve ayn\u0131 zamanda \u015fehrin bir sakini gibi hissetmenin harika bir yoludur.<\/p>\n<p class=\"p1\">Tan\u0131t\u0131m Turu hizmeti nas\u0131l kullan\u0131l\u0131r:<\/p>\n<p class=\"p1\">bize sizin i\u00e7in uygun olan herhangi bir \u015fekilde bir istek b\u0131rak\u0131rsan\u0131z,<\/p>\n<p class=\"p1\">\u015firketimizin y\u00f6neticileri, ek n\u00fcanslar\u0131 g\u00f6r\u00fc\u015fmek ve var\u0131\u015f tarihinizi netle\u015ftirmek i\u00e7in sizinle ileti\u015fime ge\u00e7er;<\/p>\n<p class=\"p1\">T\u00fcrkiye&#8217;de gayrimenkul sat\u0131n almay\u0131 planlarken, bu tur deniz kenar\u0131ndaki en do\u011fru, en d\u00fc\u015f\u00fcnceli gayrimenkul se\u00e7imini yapman\u0131za yard\u0131mc\u0131 olacak!<\/p><\/div>\n\t\t\t\t<\/div>\n\t\t\t\t\t\t\t<div class=\"elementor-accordion-item\">\n\t\t\t\t\t<div id=\"elementor-tab-title-3693\" class=\"elementor-tab-title\" data-tab=\"3\" role=\"tab\" aria-controls=\"elementor-tab-content-3693\" aria-expanded=\"false\">\n\t\t\t\t\t\t\t\t\t\t\t\t\t<span class=\"elementor-accordion-icon elementor-accordion-icon-left\" aria-hidden=\"true\">\n\t\t\t\t\t\t\t\t\t\t\t\t\t\t\t<span class=\"elementor-accordion-icon-closed\"><i class=\"fas fa-plus\"><\/i><\/span>\n\t\t\t\t\t\t\t\t<span class=\"elementor-accordion-icon-opened\"><i class=\"fas fa-minus\"><\/i><\/span>\n\t\t\t\t\t\t\t\t\t\t\t\t\t\t<\/span>\n\t\t\t\t\t\t\t\t\t\t\t\t<a class=\"elementor-accordion-title\" href=\"\">Bi\u0307r t\u00fcrk bankasinda hesap a\u00e7mak<\/a>\n\t\t\t\t\t<\/div>\n\t\t\t\t\t<div id=\"elementor-tab-content-3693\" class=\"elementor-tab-content elementor-clearfix\" data-tab=\"3\" role=\"tabpanel\" aria-labelledby=\"elementor-tab-title-3693\"><p class=\"p1\">Gayrimenkul i\u00e7in belgeleri i\u015flemeye ba\u015flamadan \u00f6nce bir T\u00fcrk bankas\u0131nda hesap a\u00e7man\u0131z gerekecektir.<\/p><p class=\"p1\">Bir T\u00fcrk banka hesab\u0131 a\u00e7mak i\u00e7in a\u015fa\u011f\u0131daki belgelere ihtiyac\u0131n\u0131z olacak:<\/p><p class=\"p1\">Uluslararas\u0131 pasaport;<\/p><p class=\"p1\">Vergi dairesinden al\u0131nabilecek TIN,<\/p><p class=\"p1\">Gerekli t\u00fcm belgeleri doldurduktan sonra banka \u00e7al\u0131\u015fan\u0131 size bir fatura kesecek ve fiziksel kart 7-10 g\u00fcn i\u00e7inde haz\u0131r olacak ve bu konuda size bilgi verilecektir.<\/p><p class=\"p1\">Neden bir T\u00fcrk banka hesab\u0131na ihtiyac\u0131m var?<\/p><p class=\"p1\">gayrimenkul al\u0131m\u0131 i\u00e7in fon transferi;<\/p><p class=\"p1\">faturalar\u0131 \u00f6demek;<\/p><p class=\"p1\">y\u0131ll\u0131k vergi \u00f6demek;<\/p><p class=\"p1\">oturma izni almak \/ uzatmak i\u00e7in devlet vergisini \u00f6demek;<\/p><p class=\"p1\">konut kiralamak i\u00e7in kira almak;<\/p><p class=\"p1\">\u0130nternette al\u0131\u015fveri\u015f yapmak;<\/p><p class=\"p1\">mevduata ba\u011fl\u0131 bir plastik kart\u0131n varl\u0131\u011f\u0131, sizi evde para depolama ihtiyac\u0131ndan kurtaracakt\u0131r;<\/p><p class=\"p1\">\u015eirketimizin \u00e7al\u0131\u015fanlar\u0131, bir T\u00fcrk bankas\u0131 se\u00e7iminde size yard\u0131mc\u0131 olacak ve hesap a\u00e7mak i\u00e7in gerekli t\u00fcm belgeleri haz\u0131rlayacakt\u0131r.<\/p><\/div>\n\t\t\t\t<\/div>\n\t\t\t\t\t\t\t<div class=\"elementor-accordion-item\">\n\t\t\t\t\t<div id=\"elementor-tab-title-3694\" class=\"elementor-tab-title\" data-tab=\"4\" role=\"tab\" aria-controls=\"elementor-tab-content-3694\" aria-expanded=\"false\">\n\t\t\t\t\t\t\t\t\t\t\t\t\t<span class=\"elementor-accordion-icon elementor-accordion-icon-left\" aria-hidden=\"true\">\n\t\t\t\t\t\t\t\t\t\t\t\t\t\t\t<span class=\"elementor-accordion-icon-closed\"><i class=\"fas fa-plus\"><\/i><\/span>\n\t\t\t\t\t\t\t\t<span class=\"elementor-accordion-icon-opened\"><i class=\"fas fa-minus\"><\/i><\/span>\n\t\t\t\t\t\t\t\t\t\t\t\t\t\t<\/span>\n\t\t\t\t\t\t\t\t\t\t\t\t<a class=\"elementor-accordion-title\" href=\"\">Vergi numaras\u0131 alma<\/a>\n\t\t\t\t\t<\/div>\n\t\t\t\t\t<div id=\"elementor-tab-content-3694\" class=\"elementor-tab-content elementor-clearfix\" data-tab=\"4\" role=\"tabpanel\" aria-labelledby=\"elementor-tab-title-3694\"><p class=\"p1\">Bireysel vergi numaras\u0131 (IIN), T\u00fcrkiye Cumhuriyeti&#8217;nde finansal i\u015flem yapmak \u00fczere ki\u015filere verilen on haneli bir kimlik numaras\u0131d\u0131r.<\/p><p class=\"p1\">A\u015fa\u011f\u0131daki i\u015flemler i\u00e7in T\u00fcrkiye&#8217;de bir vergi numaras\u0131 gereklidir:<\/p><p class=\"p1\">bir T\u00fcrk bankas\u0131nda hesap a\u00e7mak;<\/p><p class=\"p1\">oturma izni i\u00e7in devlet vergisinin \u00f6denmesi;<\/p><p class=\"p1\">arazi ve belediye vergilerinin \u00f6denmesi;<\/p><p class=\"p1\">su ve elektrik saya\u00e7lar\u0131n\u0131n kayd\u0131;<\/p><p class=\"p1\">ehliyet i\u00e7in ba\u015fvurmak;<\/p><p class=\"p1\">\u0130stihdam i\u00e7in;<\/p><p class=\"p1\">e\u011fitim kurumlar\u0131na kabul i\u00e7in;<\/p><p class=\"p1\">kendi i\u015fini kurmak i\u00e7in;<\/p><p class=\"p1\">Yerel vergi dairesinde 20 dakika i\u00e7inde atanan bireysel vergi m\u00fckellefi numaras\u0131 alma prosed\u00fcr\u00fc \u00fccretsizdir.<\/p><\/div>\n\t\t\t\t<\/div>\n\t\t\t\t\t\t\t\t<\/div>\n\t\t\t\t<\/div>\n\t\t\t\t<\/div>\n\t\t\t\t<div class=\"elementor-element elementor-element-630f164 elementor-widget elementor-widget-heading\" data-id=\"630f164\" data-element_type=\"widget\" data-widget_type=\"heading.default\">\n\t\t\t\t<div class=\"elementor-widget-container\">\n\t\t\t<h2 class=\"elementor-heading-title elementor-size-small\">SATI\u015e SONRASI SERV\u0130S<\/h2>\t\t<\/div>\n\t\t\t\t<\/div>\n\t\t\t\t<div class=\"elementor-element elementor-element-6ffbf26 elementor-widget elementor-widget-text-editor\" data-id=\"6ffbf26\" data-element_type=\"widget\" data-widget_type=\"text-editor.default\">\n\t\t\t\t<div class=\"elementor-widget-container\">\n\t\t\t<style>\/*! elementor - v3.6.1 - 23-03-2022 *\/\n.elementor-widget-text-editor.elementor-drop-cap-view-stacked .elementor-drop-cap{background-color:#818a91;color:#fff}.elementor-widget-text-editor.elementor-drop-cap-view-framed .elementor-drop-cap{color:#818a91;border:3px solid;background-color:transparent}.elementor-widget-text-editor:not(.elementor-drop-cap-view-default) .elementor-drop-cap{margin-top:8px}.elementor-widget-text-editor:not(.elementor-drop-cap-view-default) .elementor-drop-cap-letter{width:1em;height:1em}.elementor-widget-text-editor .elementor-drop-cap{float:left;text-align:center;line-height:1;font-size:50px}.elementor-widget-text-editor .elementor-drop-cap-letter{display:inline-block}<\/style>\t\t\t\t<p class=\"p1\">Son zamanlarda, m\u00fc\u015fterilerden Alanya&#8217;da nas\u0131l bir daire sat\u0131n al\u0131p birka\u00e7 ayda bir ta\u015f\u0131nmama konusunda giderek artan bir soruyla kar\u015f\u0131 kar\u015f\u0131yay\u0131z?<\/p><p class=\"p1\">Alanya&#8217;da veya T\u00fcrkiye&#8217;de daire sahibi olmak size otomatik olarak oturma izni hakk\u0131 verir mi? A\u015fa\u011f\u0131da oturma izninin (oturma izni) \u00f6zeti yer almaktad\u0131r.<\/p><p class=\"p1\">T\u00fcrkiye&#8217;de izin verilen vizesiz rejimden daha uzun s\u00fcre kalmak isteyen yabanc\u0131lar, oturma izni almak i\u00e7in g\u00f6\u00e7 servisine ba\u015fvurmal\u0131d\u0131r.<\/p><p class=\"p1\">G\u00f6\u00e7 \u0130daresi, T\u00fcrkiye&#8217;de yasal olarak kalabilmeleri i\u00e7in &#8220;Yabanc\u0131lara Oturma \u0130zni&#8221; vermektedir.<\/p><p class=\"p1\">Oturma izni, T\u00fcrkiye&#8217;de yasal olarak 1 ila 2 y\u0131l aras\u0131nda ayr\u0131lmadan ya\u015faman\u0131za izin veren bir belgedir. Ikamet bir veya iki y\u0131ll\u0131\u011f\u0131na verilebilir &#8211; bu size ba\u011fl\u0131d\u0131r. Daha sonra istedi\u011finiz kadar uzat\u0131labilir. \u00dclkede b\u00f6yle bir oturma izni \u00fczerinde \u00e7al\u0131\u015fmak imkans\u0131zd\u0131r, yasad\u0131\u015f\u0131d\u0131r ve s\u0131n\u0131r d\u0131\u015f\u0131 edilmekle tehdit eder (ancak ayr\u0131ca \u00e7al\u0131\u015fma izni alabilirsiniz). Belge plastik bir kartt\u0131r &#8211; buna ikamet (ikamet) denir.<\/p><p class=\"p1\">Ge\u00e7erli oturma iznine sahip yabanc\u0131lar, iznin ge\u00e7erlilik s\u00fcresi boyunca herhangi bir k\u0131s\u0131tlama olmaks\u0131z\u0131n ge\u00e7erli bir belge ile \u00fclkeye giri\u015f ve \u00e7\u0131k\u0131\u015f yapabilirler.<\/p><p class=\"p1\">T\u00fcrkiye&#8217;de gayrimenkul sahibi olmak, oturma izni almay\u0131 kolayla\u015ft\u0131r\u0131r, ancak otomatik olarak alma hakk\u0131n\u0131 vermez. Ba\u015fka bir deyi\u015fle, Alanya&#8217;da (veya T\u00fcrkiye&#8217;nin ba\u015fka bir yerinde) bir daireniz varsa, oturma izni alman\u0131z sadece bir m\u00fclk kiralamaktan daha kolay olacakt\u0131r. T\u00fcrkiye&#8217;deki m\u00fclk sahipleri i\u00e7in uzun s\u00fcreli (en az 1 y\u0131l) ikamet i\u00e7in ikamet izni verilir.<\/p><p class=\"p1\">T\u00fcrkiye&#8217;de oturma izni t\u00fcrleri:<\/p><p class=\"p1\">6-12 ayl\u0131k k\u0131sa s\u00fcreli (m\u00fclk sahipleri, tedavi i\u00e7in gelen turistler, ara\u015ft\u0131rmac\u0131lar i\u00e7in); Aile (iki y\u0131ldan fazla olmayan bir s\u00fcre i\u00e7in verilir); \u00d6\u011frenci (\u00e7al\u0131\u015fma s\u00fcresi i\u00e7in); M\u00fclteciler i\u00e7in; Kal\u0131c\u0131 (T\u00fcrkiye&#8217;de sekiz y\u0131ldan fazla ikamet edenlere s\u00fcresiz olarak verilir);<\/p><p class=\"p1\">Ge\u00e7ici oturma izni almak i\u00e7in a\u015fa\u011f\u0131daki belgeler gereklidir:<\/p><p class=\"p1\">G\u00f6\u00e7 servisinin web sitesinde doldurulmu\u015f ve bas\u0131l\u0131 bir ba\u015fvuru formu; Sa\u011fl\u0131k sigortas\u0131 (1 veya 2 y\u0131l i\u00e7in verilir, ikamet i\u00e7in ne kadar s\u00fcreyle ba\u015fvurmay\u0131 planlad\u0131\u011f\u0131n\u0131za ba\u011fl\u0131d\u0131r); 4 foto\u011fraf; Tapu ve kopyas\u0131 (m\u00fclk sahipleri i\u00e7in); Bireysel vergi m\u00fckellefi numaras\u0131 ve kopyas\u0131 (Alanya vergi dairesinde 15-20 dakika i\u00e7inde verilir); Pasaport ve ilk sayfan\u0131n kopyas\u0131; \u00d6deme g\u00fcc\u00fc onay\u0131; Noter onayl\u0131 kira s\u00f6zle\u015fmesi (kiral\u0131k konaklama i\u00e7in); Devlet \u00fccretinin \u00f6dendi\u011fine dair makbuz (vergi dairesinde \u00f6denir); Mevcut bir ikamet ve kopyas\u0131 (uzatma ba\u015fvurusunda bulunuyorsan\u0131z);<\/p><p class=\"p1\">* Bireysel durumlarda, ek bir belge paketi gereklidir.<\/p><p class=\"p1\">\u00d6nemli!<\/p><p class=\"p1\">\u0130kametinizin s\u00fcresi sona ermi\u015fse, ba\u015fvuru sahibi G\u00f6\u00e7men B\u00fcrosundaki g\u00f6r\u00fc\u015fme tarihine kadar \u00fclkede kalma hakk\u0131na sahiptir. Ancak belge ibraz etmeden T\u00fcrkiye d\u0131\u015f\u0131na \u00e7\u0131kmak yasakt\u0131r. G\u00f6\u00e7menlik Dairesi&#8217;ne ikamet (oturma izni) belgelerini ibraz ettikten sonra, ba\u015fvuru sahibi 15 g\u00fcne kadar T\u00fcrkiye&#8217;yi terk etme hakk\u0131na sahiptir, ancak ayn\u0131 zamanda G\u00f6\u00e7 Dairesi yetkilisinden \u00f6nceden bir izin belgesi al\u0131r.<\/p><p class=\"p1\">Belgelerin G\u00f6\u00e7 \u0130daresi&#8217;ne ba\u015far\u0131yla teslim edilmesinden sonra, ikametiniz size posta yoluyla belirtilen daimi ikamet adresine g\u00f6nderilecektir. Kural olarak, 1 ila 3 ay s\u00fcrer.<\/p><p class=\"p1\">T\u00fcrkiye&#8217;de oturma izninin (\u0130kamet) nas\u0131l al\u0131naca\u011f\u0131 hakk\u0131nda daha detayl\u0131 bilgi i\u00e7in web sitemizden Ayvazoglu Homes\u00a0 uzmanlar\u0131yla ileti\u015fime ge\u00e7in.<\/p>\t\t\t\t\t\t<\/div>\n\t\t\t\t<\/div>\n\t\t\t\t\t<\/div>\n\t\t<\/div>\n\t\t\t\t\t\t\t<\/div>\n\t\t<\/section>\n\t\t\t\t<section class=\"elementor-section elementor-top-section elementor-element elementor-element-0cd370a elementor-section-stretched elementor-section-boxed elementor-section-height-default elementor-section-height-default\" data-id=\"0cd370a\" data-element_type=\"section\" data-settings=\"{&quot;stretch_section&quot;:&quot;section-stretched&quot;}\">\n\t\t\t\t\t\t<div class=\"elementor-container elementor-column-gap-extended\">\n\t\t\t\t\t<div class=\"elementor-column elementor-col-100 elementor-top-column elementor-element elementor-element-7d59634\" data-id=\"7d59634\" data-element_type=\"column\">\n\t\t\t<div class=\"elementor-widget-wrap\">\n\t\t\t\t\t\t\t\t\t<\/div>\n\t\t<\/div>\n\t\t\t\t\t\t\t<\/div>\n\t\t<\/section>\n\t\t\t\t<section class=\"elementor-section elementor-top-section elementor-element elementor-element-76f2bfe elementor-section-stretched elementor-section-boxed elementor-section-height-default elementor-section-height-default\" data-id=\"76f2bfe\" data-element_type=\"section\" data-settings=\"{&quot;stretch_section&quot;:&quot;section-stretched&quot;}\">\n\t\t\t\t\t\t<div class=\"elementor-container elementor-column-gap-extended\">\n\t\t\t\t\t<div class=\"elementor-column elementor-col-100 elementor-top-column elementor-element elementor-element-101e902\" data-id=\"101e902\" data-element_type=\"column\">\n\t\t\t<div class=\"elementor-widget-wrap\">\n\t\t\t\t\t\t\t\t\t<\/div>\n\t\t<\/div>\n\t\t\t\t\t\t\t<\/div>\n\t\t<\/section>\n\t\t\t\t\t\t\t<\/div>","protected":false},"excerpt":{"rendered":"<p>SATI\u015e \u00d6NCES\u0130 H\u0130ZMET Parametrelerinize g\u00f6re gayrimenkul se\u00e7imi Akdeniz k\u0131y\u0131s\u0131ndaki Alanya tatil beldesinde gayrimenkul sat\u0131n almaya karar verdi\u011finizde, ka\u00e7\u0131n\u0131lmaz olarak T\u00fcrk emlak piyasas\u0131n\u0131n t\u00fcm inceliklerini anlaman\u0131za ve do\u011fru se\u00e7imi yapman\u0131za yard\u0131mc\u0131 olacak g\u00fcvenilir bir ortak sorusuyla kar\u015f\u0131 kar\u015f\u0131ya kalacaks\u0131n\u0131z. Acentemiz Ayvazo\u011flu Evleri size yard\u0131m etmeye ve hata yapmamaya haz\u0131r. Ajans\u0131m\u0131z uzun y\u0131llara dayanan deneyime, yerle\u015fik ba\u011flant\u0131lara [&hellip;]<\/p>","protected":false},"author":1,"featured_media":0,"parent":0,"menu_order":0,"comment_status":"closed","ping_status":"closed","template":"","meta":{"footnotes":""},"class_list":["post-6930","page","type-page","status-publish","hentry"],"_links":{"self":[{"href":"https:\/\/v1.ayvazogluhomes.com\/tr\/wp-json\/wp\/v2\/pages\/6930","targetHints":{"allow":["GET"]}}],"collection":[{"href":"https:\/\/v1.ayvazogluhomes.com\/tr\/wp-json\/wp\/v2\/pages"}],"about":[{"href":"https:\/\/v1.ayvazogluhomes.com\/tr\/wp-json\/wp\/v2\/types\/page"}],"author":[{"embeddable":true,"href":"https:\/\/v1.ayvazogluhomes.com\/tr\/wp-json\/wp\/v2\/users\/1"}],"replies":[{"embeddable":true,"href":"https:\/\/v1.ayvazogluhomes.com\/tr\/wp-json\/wp\/v2\/comments?post=6930"}],"version-history":[{"count":0,"href":"https:\/\/v1.ayvazogluhomes.com\/tr\/wp-json\/wp\/v2\/pages\/6930\/revisions"}],"wp:attachment":[{"href":"https:\/\/v1.ayvazogluhomes.com\/tr\/wp-json\/wp\/v2\/media?parent=6930"}],"curies":[{"name":"wp","href":"https:\/\/api.w.org\/{rel}","templated":true}]}}